{"id":15354,"date":"2015-05-08T08:56:50","date_gmt":"2015-05-08T08:56:50","guid":{"rendered":"http:\/\/demo.qodeinteractive.com\/bridge94\/?page_id=15354"},"modified":"2025-05-30T11:00:04","modified_gmt":"2025-05-30T11:00:04","slug":"contacto-yotta-desarrollos","status":"publish","type":"page","link":"https:\/\/www.yottadesarrollos.com\/en\/contacto-yotta-desarrollos\/","title":{"rendered":"Contact Info"},"content":{"rendered":"<div class=\"wpb-content-wrapper\"><div data-vc-full-width=\"true\" data-vc-full-width-temp=\"true\" data-vc-full-width-init=\"false\" class=\"vc_row wpb_row vc_row-fluid backY\"><div class=\"wpb_column vc_column_container vc_col-sm-3\"><div class=\"vc_column-inner\"><div class=\"wpb_wrapper\"><\/div><\/div><\/div><div class=\"wpb_column vc_column_container vc_col-sm-6\"><div class=\"vc_column-inner\"><div class=\"wpb_wrapper\">\n\t<div class=\"wpb_text_column wpb_content_element  textCont\" >\n\t\t<div class=\"wpb_wrapper\">\n\t\t\t<p style=\"text-align: center;\">For more information about our services:<\/p>\n\n\t\t<\/div>\n\t<\/div>\n<\/div><\/div><\/div><div class=\"wpb_column vc_column_container vc_col-sm-3\"><div class=\"vc_column-inner\"><div class=\"wpb_wrapper\"><\/div><\/div><\/div><\/div><div class=\"vc_row-full-width vc_clearfix\"><\/div><div data-vc-full-width=\"true\" data-vc-full-width-temp=\"true\" data-vc-full-width-init=\"false\" class=\"vc_row wpb_row vc_row-fluid backY vc_custom_1738314559205\"><div class=\"wpb_column vc_column_container vc_col-sm-4\"><div class=\"vc_column-inner\"><div class=\"wpb_wrapper\"><style type=\"text\/css\" data-type=\"the7_shortcodes-inline-css\">.icon-with-text-shortcode.icon-text-id-29f2facbdef4b1186eadb49e5b824332 .text-icon {\n  width: 35px;\n  height: 35px;\n  line-height: 35px;\n  font-size: 25px;\n  border-radius: 200px;\n  margin: 0px 0px 10px 0px;\n}\n.icon-with-text-shortcode.icon-text-id-29f2facbdef4b1186eadb49e5b824332 .text-icon .icon-inner {\n  min-width: 35px;\n  min-height: 35px;\n  border-radius: 200px;\n}\n@media all and (-ms-high-contrast: none) {\n  .icon-with-text-shortcode.icon-text-id-29f2facbdef4b1186eadb49e5b824332 .text-icon .icon-inner {\n    height: 35px;\n  }\n}\n.icon-with-text-shortcode.icon-text-id-29f2facbdef4b1186eadb49e5b824332 .text-icon .dt-hover-icon {\n  line-height: 35px;\n}\n.icon-with-text-shortcode.icon-text-id-29f2facbdef4b1186eadb49e5b824332 .text-icon:before,\n.icon-with-text-shortcode.icon-text-id-29f2facbdef4b1186eadb49e5b824332 .text-icon:after,\n.icon-with-text-shortcode.icon-text-id-29f2facbdef4b1186eadb49e5b824332 .text-icon .icon-inner:before,\n.icon-with-text-shortcode.icon-text-id-29f2facbdef4b1186eadb49e5b824332 .text-icon .icon-inner:after {\n  min-width: 100%;\n  min-height: 100%;\n  padding: inherit;\n  border-radius: inherit;\n}\n.icon-with-text-shortcode.icon-text-id-29f2facbdef4b1186eadb49e5b824332 .text-icon.dt-icon-border-on:before {\n  border-width: 2px;\n  border-style: solid;\n}\n.dt-icon-border-dashed.icon-with-text-shortcode.icon-text-id-29f2facbdef4b1186eadb49e5b824332 .text-icon.dt-icon-border-on:before {\n  border-style: dashed;\n}\n.dt-icon-border-dotted.icon-with-text-shortcode.icon-text-id-29f2facbdef4b1186eadb49e5b824332 .text-icon.dt-icon-border-on:before {\n  border-style: dotted;\n}\n.dt-icon-border-double.icon-with-text-shortcode.icon-text-id-29f2facbdef4b1186eadb49e5b824332 .text-icon.dt-icon-border-on:before {\n  border-style: double;\n}\n.icon-with-text-shortcode.icon-text-id-29f2facbdef4b1186eadb49e5b824332 .text-icon.dt-icon-border-dashed.dt-icon-border-on:before {\n  border-style: dashed;\n}\n.icon-with-text-shortcode.icon-text-id-29f2facbdef4b1186eadb49e5b824332 .text-icon.dt-icon-border-dotted.dt-icon-border-on:before {\n  border-style: dotted;\n}\n.icon-with-text-shortcode.icon-text-id-29f2facbdef4b1186eadb49e5b824332 .text-icon.dt-icon-border-double.dt-icon-border-on:before {\n  border-style: double;\n}\n.icon-with-text-shortcode.icon-text-id-29f2facbdef4b1186eadb49e5b824332 .text-icon.dt-icon-hover-border-on:after {\n  border-width: 2px;\n  border-style: solid;\n}\n.icon-with-text-shortcode.icon-text-id-29f2facbdef4b1186eadb49e5b824332 .text-icon.dt-icon-border-dashed.dt-icon-hover-border-on:after {\n  border-style: dashed;\n}\n.icon-with-text-shortcode.icon-text-id-29f2facbdef4b1186eadb49e5b824332 .text-icon.dt-icon-border-dotted.dt-icon-hover-border-on:after {\n  border-style: dotted;\n}\n.icon-with-text-shortcode.icon-text-id-29f2facbdef4b1186eadb49e5b824332 .text-icon.dt-icon-border-double.dt-icon-hover-border-on:after {\n  border-style: double;\n}\n.icon-with-text-shortcode.icon-text-id-29f2facbdef4b1186eadb49e5b824332 .text-icon.dt-icon-hover-on:hover {\n  font-size: 25px;\n}\n#page .icon-with-text-shortcode.icon-text-id-29f2facbdef4b1186eadb49e5b824332 .text-icon.dt-icon-hover-on:hover .soc-font-icon,\n#phantom .icon-with-text-shortcode.icon-text-id-29f2facbdef4b1186eadb49e5b824332 .text-icon.dt-icon-hover-on:hover .soc-font-icon,\n#page .icon-with-text-shortcode.icon-text-id-29f2facbdef4b1186eadb49e5b824332 .text-icon.dt-icon-hover-on:hover .soc-icon,\n#phantom .icon-with-text-shortcode.icon-text-id-29f2facbdef4b1186eadb49e5b824332 .text-icon.dt-icon-hover-on:hover .soc-icon {\n  color: #fff;\n  background: none;\n}\n#page .icon-with-text-shortcode.icon-text-id-29f2facbdef4b1186eadb49e5b824332 .text-icon.dt-icon-hover-on:not(:hover) .soc-font-icon,\n#phantom .icon-with-text-shortcode.icon-text-id-29f2facbdef4b1186eadb49e5b824332 .text-icon.dt-icon-hover-on:not(:hover) .soc-font-icon,\n#page .icon-with-text-shortcode.icon-text-id-29f2facbdef4b1186eadb49e5b824332 .text-icon.dt-icon-hover-on:not(:hover) .soc-icon,\n#phantom .icon-with-text-shortcode.icon-text-id-29f2facbdef4b1186eadb49e5b824332 .text-icon.dt-icon-hover-on:not(:hover) .soc-icon,\n#page .icon-with-text-shortcode.icon-text-id-29f2facbdef4b1186eadb49e5b824332 .text-icon.dt-icon-hover-off .soc-font-icon,\n#phantom .icon-with-text-shortcode.icon-text-id-29f2facbdef4b1186eadb49e5b824332 .text-icon.dt-icon-hover-off .soc-font-icon,\n#page .icon-with-text-shortcode.icon-text-id-29f2facbdef4b1186eadb49e5b824332 .text-icon.dt-icon-hover-off .soc-icon,\n#phantom .icon-with-text-shortcode.icon-text-id-29f2facbdef4b1186eadb49e5b824332 .text-icon.dt-icon-hover-off .soc-icon {\n  color: #0c267c;\n  background: none;\n}\n.icon-with-text-shortcode.icon-text-id-29f2facbdef4b1186eadb49e5b824332.layout-1 {\n  grid-template-columns: 35px minmax(0,1fr);\n  grid-column-gap: 0px;\n}\n.icon-with-text-shortcode.icon-text-id-29f2facbdef4b1186eadb49e5b824332.layout-2 {\n  grid-template-columns: minmax(0,1fr) 35px;\n  grid-column-gap: 0px;\n}\n.icon-with-text-shortcode.icon-text-id-29f2facbdef4b1186eadb49e5b824332.layout-2 .text-icon {\n  margin-left: 0;\n}\n.icon-with-text-shortcode.icon-text-id-29f2facbdef4b1186eadb49e5b824332.layout-3 {\n  grid-template-columns: 35px minmax(0,1fr);\n}\n.icon-with-text-shortcode.icon-text-id-29f2facbdef4b1186eadb49e5b824332.layout-3 .dt-text-title {\n  margin-left: 0px;\n}\n.icon-with-text-shortcode.icon-text-id-29f2facbdef4b1186eadb49e5b824332 .dt-text-title,\n.icon-with-text-shortcode.icon-text-id-29f2facbdef4b1186eadb49e5b824332 .dt-text-title a {\n  color: #6d6d6d;\n  background: none;\n  font-weight: bold;\n}\n.icon-with-text-shortcode.icon-text-id-29f2facbdef4b1186eadb49e5b824332 .dt-text-title {\n  margin-bottom: 10px;\n}\n.icon-with-text-shortcode.icon-text-id-29f2facbdef4b1186eadb49e5b824332 .dt-text-desc {\n  color: #686868;\n  background: none;\n  margin-bottom: 20px;\n}<\/style><div class=\"icon-with-text-shortcode  icon-text-id-29f2facbdef4b1186eadb49e5b824332 layout-5\" ><span   class=\"text-icon dt-icon-bg-off dt-icon-hover-off\" ><span class=\"icon-inner\"><i class=\"dt-regular-icon soc-icon icomoon-the7-font-the7-phone-06\"><\/i><i class=\"dt-hover-icon soc-icon icomoon-the7-font-the7-phone-06\"><\/i><\/span><\/span><h5 class=\"dt-text-title\"  >Call Us<\/h5><div class=\"dt-text-desc\">+34 967 25 70 53<\/p>\n<p>+34 692 06 74 37<\/div><\/div><\/div><\/div><\/div><div class=\"wpb_column vc_column_container vc_col-sm-4\"><div class=\"vc_column-inner\"><div class=\"wpb_wrapper\"><style type=\"text\/css\" data-type=\"the7_shortcodes-inline-css\">.icon-with-text-shortcode.icon-text-id-e10d174d5d901dd530bb9be979ef2ccf .text-icon {\n  width: 35px;\n  height: 35px;\n  line-height: 35px;\n  font-size: 25px;\n  border-radius: 200px;\n  margin: 0px 0px 10px 0px;\n}\n.icon-with-text-shortcode.icon-text-id-e10d174d5d901dd530bb9be979ef2ccf .text-icon .icon-inner {\n  min-width: 35px;\n  min-height: 35px;\n  border-radius: 200px;\n}\n@media all and (-ms-high-contrast: none) {\n  .icon-with-text-shortcode.icon-text-id-e10d174d5d901dd530bb9be979ef2ccf .text-icon .icon-inner {\n    height: 35px;\n  }\n}\n.icon-with-text-shortcode.icon-text-id-e10d174d5d901dd530bb9be979ef2ccf .text-icon .dt-hover-icon {\n  line-height: 35px;\n}\n.icon-with-text-shortcode.icon-text-id-e10d174d5d901dd530bb9be979ef2ccf .text-icon:before,\n.icon-with-text-shortcode.icon-text-id-e10d174d5d901dd530bb9be979ef2ccf .text-icon:after,\n.icon-with-text-shortcode.icon-text-id-e10d174d5d901dd530bb9be979ef2ccf .text-icon .icon-inner:before,\n.icon-with-text-shortcode.icon-text-id-e10d174d5d901dd530bb9be979ef2ccf .text-icon .icon-inner:after {\n  min-width: 100%;\n  min-height: 100%;\n  padding: inherit;\n  border-radius: inherit;\n}\n.icon-with-text-shortcode.icon-text-id-e10d174d5d901dd530bb9be979ef2ccf .text-icon.dt-icon-border-on:before {\n  border-width: 2px;\n  border-style: solid;\n}\n.dt-icon-border-dashed.icon-with-text-shortcode.icon-text-id-e10d174d5d901dd530bb9be979ef2ccf .text-icon.dt-icon-border-on:before {\n  border-style: dashed;\n}\n.dt-icon-border-dotted.icon-with-text-shortcode.icon-text-id-e10d174d5d901dd530bb9be979ef2ccf .text-icon.dt-icon-border-on:before {\n  border-style: dotted;\n}\n.dt-icon-border-double.icon-with-text-shortcode.icon-text-id-e10d174d5d901dd530bb9be979ef2ccf .text-icon.dt-icon-border-on:before {\n  border-style: double;\n}\n.icon-with-text-shortcode.icon-text-id-e10d174d5d901dd530bb9be979ef2ccf .text-icon.dt-icon-border-dashed.dt-icon-border-on:before {\n  border-style: dashed;\n}\n.icon-with-text-shortcode.icon-text-id-e10d174d5d901dd530bb9be979ef2ccf .text-icon.dt-icon-border-dotted.dt-icon-border-on:before {\n  border-style: dotted;\n}\n.icon-with-text-shortcode.icon-text-id-e10d174d5d901dd530bb9be979ef2ccf .text-icon.dt-icon-border-double.dt-icon-border-on:before {\n  border-style: double;\n}\n.icon-with-text-shortcode.icon-text-id-e10d174d5d901dd530bb9be979ef2ccf .text-icon.dt-icon-hover-border-on:after {\n  border-width: 2px;\n  border-style: solid;\n}\n.icon-with-text-shortcode.icon-text-id-e10d174d5d901dd530bb9be979ef2ccf .text-icon.dt-icon-border-dashed.dt-icon-hover-border-on:after {\n  border-style: dashed;\n}\n.icon-with-text-shortcode.icon-text-id-e10d174d5d901dd530bb9be979ef2ccf .text-icon.dt-icon-border-dotted.dt-icon-hover-border-on:after {\n  border-style: dotted;\n}\n.icon-with-text-shortcode.icon-text-id-e10d174d5d901dd530bb9be979ef2ccf .text-icon.dt-icon-border-double.dt-icon-hover-border-on:after {\n  border-style: double;\n}\n.icon-with-text-shortcode.icon-text-id-e10d174d5d901dd530bb9be979ef2ccf .text-icon.dt-icon-hover-on:hover {\n  font-size: 25px;\n}\n#page .icon-with-text-shortcode.icon-text-id-e10d174d5d901dd530bb9be979ef2ccf .text-icon.dt-icon-hover-on:hover .soc-font-icon,\n#phantom .icon-with-text-shortcode.icon-text-id-e10d174d5d901dd530bb9be979ef2ccf .text-icon.dt-icon-hover-on:hover .soc-font-icon,\n#page .icon-with-text-shortcode.icon-text-id-e10d174d5d901dd530bb9be979ef2ccf .text-icon.dt-icon-hover-on:hover .soc-icon,\n#phantom .icon-with-text-shortcode.icon-text-id-e10d174d5d901dd530bb9be979ef2ccf .text-icon.dt-icon-hover-on:hover .soc-icon {\n  color: #fff;\n  background: none;\n}\n#page .icon-with-text-shortcode.icon-text-id-e10d174d5d901dd530bb9be979ef2ccf .text-icon.dt-icon-hover-on:not(:hover) .soc-font-icon,\n#phantom .icon-with-text-shortcode.icon-text-id-e10d174d5d901dd530bb9be979ef2ccf .text-icon.dt-icon-hover-on:not(:hover) .soc-font-icon,\n#page .icon-with-text-shortcode.icon-text-id-e10d174d5d901dd530bb9be979ef2ccf .text-icon.dt-icon-hover-on:not(:hover) .soc-icon,\n#phantom .icon-with-text-shortcode.icon-text-id-e10d174d5d901dd530bb9be979ef2ccf .text-icon.dt-icon-hover-on:not(:hover) .soc-icon,\n#page .icon-with-text-shortcode.icon-text-id-e10d174d5d901dd530bb9be979ef2ccf .text-icon.dt-icon-hover-off .soc-font-icon,\n#phantom .icon-with-text-shortcode.icon-text-id-e10d174d5d901dd530bb9be979ef2ccf .text-icon.dt-icon-hover-off .soc-font-icon,\n#page .icon-with-text-shortcode.icon-text-id-e10d174d5d901dd530bb9be979ef2ccf .text-icon.dt-icon-hover-off .soc-icon,\n#phantom .icon-with-text-shortcode.icon-text-id-e10d174d5d901dd530bb9be979ef2ccf .text-icon.dt-icon-hover-off .soc-icon {\n  color: #02d1a6;\n  background: none;\n}\n.icon-with-text-shortcode.icon-text-id-e10d174d5d901dd530bb9be979ef2ccf.layout-1 {\n  grid-template-columns: 35px minmax(0,1fr);\n  grid-column-gap: 0px;\n}\n.icon-with-text-shortcode.icon-text-id-e10d174d5d901dd530bb9be979ef2ccf.layout-2 {\n  grid-template-columns: minmax(0,1fr) 35px;\n  grid-column-gap: 0px;\n}\n.icon-with-text-shortcode.icon-text-id-e10d174d5d901dd530bb9be979ef2ccf.layout-2 .text-icon {\n  margin-left: 0;\n}\n.icon-with-text-shortcode.icon-text-id-e10d174d5d901dd530bb9be979ef2ccf.layout-3 {\n  grid-template-columns: 35px minmax(0,1fr);\n}\n.icon-with-text-shortcode.icon-text-id-e10d174d5d901dd530bb9be979ef2ccf.layout-3 .dt-text-title {\n  margin-left: 0px;\n}\n.icon-with-text-shortcode.icon-text-id-e10d174d5d901dd530bb9be979ef2ccf .dt-text-title,\n.icon-with-text-shortcode.icon-text-id-e10d174d5d901dd530bb9be979ef2ccf .dt-text-title a {\n  color: #595959;\n  background: none;\n  font-weight: bold;\n}\n.icon-with-text-shortcode.icon-text-id-e10d174d5d901dd530bb9be979ef2ccf .dt-text-title {\n  margin-bottom: 10px;\n}\n.icon-with-text-shortcode.icon-text-id-e10d174d5d901dd530bb9be979ef2ccf .dt-text-desc {\n  color: #636363;\n  background: none;\n  margin-bottom: 20px;\n}<\/style><div class=\"icon-with-text-shortcode  icon-text-id-e10d174d5d901dd530bb9be979ef2ccf layout-5\" ><span   class=\"text-icon dt-icon-bg-off dt-icon-hover-off\" ><span class=\"icon-inner\"><i class=\"dt-regular-icon soc-icon icomoon-the7-font-the7-mw-mail-04\"><\/i><i class=\"dt-hover-icon soc-icon icomoon-the7-font-the7-mw-mail-04\"><\/i><\/span><\/span><h5 class=\"dt-text-title\"  >Write Us<\/h5><div class=\"dt-text-desc\">info@yottadesarrollos.com<\/div><\/div><\/div><\/div><\/div><div class=\"wpb_column vc_column_container vc_col-sm-4\"><div class=\"vc_column-inner\"><div class=\"wpb_wrapper\"><style type=\"text\/css\" data-type=\"the7_shortcodes-inline-css\">.icon-with-text-shortcode.icon-text-id-37f62702d1dcc81b6e4dc58a0001883f .text-icon {\n  width: 35px;\n  height: 35px;\n  line-height: 35px;\n  font-size: 25px;\n  border-radius: 200px;\n  margin: 0px 0px 10px 0px;\n}\n.icon-with-text-shortcode.icon-text-id-37f62702d1dcc81b6e4dc58a0001883f .text-icon .icon-inner {\n  min-width: 35px;\n  min-height: 35px;\n  border-radius: 200px;\n}\n@media all and (-ms-high-contrast: none) {\n  .icon-with-text-shortcode.icon-text-id-37f62702d1dcc81b6e4dc58a0001883f .text-icon .icon-inner {\n    height: 35px;\n  }\n}\n.icon-with-text-shortcode.icon-text-id-37f62702d1dcc81b6e4dc58a0001883f .text-icon .dt-hover-icon {\n  line-height: 35px;\n}\n.icon-with-text-shortcode.icon-text-id-37f62702d1dcc81b6e4dc58a0001883f .text-icon:before,\n.icon-with-text-shortcode.icon-text-id-37f62702d1dcc81b6e4dc58a0001883f .text-icon:after,\n.icon-with-text-shortcode.icon-text-id-37f62702d1dcc81b6e4dc58a0001883f .text-icon .icon-inner:before,\n.icon-with-text-shortcode.icon-text-id-37f62702d1dcc81b6e4dc58a0001883f .text-icon .icon-inner:after {\n  min-width: 100%;\n  min-height: 100%;\n  padding: inherit;\n  border-radius: inherit;\n}\n.icon-with-text-shortcode.icon-text-id-37f62702d1dcc81b6e4dc58a0001883f .text-icon.dt-icon-border-on:before {\n  border-width: 2px;\n  border-style: solid;\n}\n.dt-icon-border-dashed.icon-with-text-shortcode.icon-text-id-37f62702d1dcc81b6e4dc58a0001883f .text-icon.dt-icon-border-on:before {\n  border-style: dashed;\n}\n.dt-icon-border-dotted.icon-with-text-shortcode.icon-text-id-37f62702d1dcc81b6e4dc58a0001883f .text-icon.dt-icon-border-on:before {\n  border-style: dotted;\n}\n.dt-icon-border-double.icon-with-text-shortcode.icon-text-id-37f62702d1dcc81b6e4dc58a0001883f .text-icon.dt-icon-border-on:before {\n  border-style: double;\n}\n.icon-with-text-shortcode.icon-text-id-37f62702d1dcc81b6e4dc58a0001883f .text-icon.dt-icon-border-dashed.dt-icon-border-on:before {\n  border-style: dashed;\n}\n.icon-with-text-shortcode.icon-text-id-37f62702d1dcc81b6e4dc58a0001883f .text-icon.dt-icon-border-dotted.dt-icon-border-on:before {\n  border-style: dotted;\n}\n.icon-with-text-shortcode.icon-text-id-37f62702d1dcc81b6e4dc58a0001883f .text-icon.dt-icon-border-double.dt-icon-border-on:before {\n  border-style: double;\n}\n.icon-with-text-shortcode.icon-text-id-37f62702d1dcc81b6e4dc58a0001883f .text-icon.dt-icon-hover-border-on:after {\n  border-width: 2px;\n  border-style: solid;\n}\n.icon-with-text-shortcode.icon-text-id-37f62702d1dcc81b6e4dc58a0001883f .text-icon.dt-icon-border-dashed.dt-icon-hover-border-on:after {\n  border-style: dashed;\n}\n.icon-with-text-shortcode.icon-text-id-37f62702d1dcc81b6e4dc58a0001883f .text-icon.dt-icon-border-dotted.dt-icon-hover-border-on:after {\n  border-style: dotted;\n}\n.icon-with-text-shortcode.icon-text-id-37f62702d1dcc81b6e4dc58a0001883f .text-icon.dt-icon-border-double.dt-icon-hover-border-on:after {\n  border-style: double;\n}\n.icon-with-text-shortcode.icon-text-id-37f62702d1dcc81b6e4dc58a0001883f .text-icon.dt-icon-hover-on:hover {\n  font-size: 25px;\n}\n#page .icon-with-text-shortcode.icon-text-id-37f62702d1dcc81b6e4dc58a0001883f .text-icon.dt-icon-hover-on:hover .soc-font-icon,\n#phantom .icon-with-text-shortcode.icon-text-id-37f62702d1dcc81b6e4dc58a0001883f .text-icon.dt-icon-hover-on:hover .soc-font-icon,\n#page .icon-with-text-shortcode.icon-text-id-37f62702d1dcc81b6e4dc58a0001883f .text-icon.dt-icon-hover-on:hover .soc-icon,\n#phantom .icon-with-text-shortcode.icon-text-id-37f62702d1dcc81b6e4dc58a0001883f .text-icon.dt-icon-hover-on:hover .soc-icon {\n  color: #fff;\n  background: none;\n}\n#page .icon-with-text-shortcode.icon-text-id-37f62702d1dcc81b6e4dc58a0001883f .text-icon.dt-icon-hover-on:not(:hover) .soc-font-icon,\n#phantom .icon-with-text-shortcode.icon-text-id-37f62702d1dcc81b6e4dc58a0001883f .text-icon.dt-icon-hover-on:not(:hover) .soc-font-icon,\n#page .icon-with-text-shortcode.icon-text-id-37f62702d1dcc81b6e4dc58a0001883f .text-icon.dt-icon-hover-on:not(:hover) .soc-icon,\n#phantom .icon-with-text-shortcode.icon-text-id-37f62702d1dcc81b6e4dc58a0001883f .text-icon.dt-icon-hover-on:not(:hover) .soc-icon,\n#page .icon-with-text-shortcode.icon-text-id-37f62702d1dcc81b6e4dc58a0001883f .text-icon.dt-icon-hover-off .soc-font-icon,\n#phantom .icon-with-text-shortcode.icon-text-id-37f62702d1dcc81b6e4dc58a0001883f .text-icon.dt-icon-hover-off .soc-font-icon,\n#page .icon-with-text-shortcode.icon-text-id-37f62702d1dcc81b6e4dc58a0001883f .text-icon.dt-icon-hover-off .soc-icon,\n#phantom .icon-with-text-shortcode.icon-text-id-37f62702d1dcc81b6e4dc58a0001883f .text-icon.dt-icon-hover-off .soc-icon {\n  color: #39a4c4;\n  background: none;\n}\n.icon-with-text-shortcode.icon-text-id-37f62702d1dcc81b6e4dc58a0001883f.layout-1 {\n  grid-template-columns: 35px minmax(0,1fr);\n  grid-column-gap: 0px;\n}\n.icon-with-text-shortcode.icon-text-id-37f62702d1dcc81b6e4dc58a0001883f.layout-2 {\n  grid-template-columns: minmax(0,1fr) 35px;\n  grid-column-gap: 0px;\n}\n.icon-with-text-shortcode.icon-text-id-37f62702d1dcc81b6e4dc58a0001883f.layout-2 .text-icon {\n  margin-left: 0;\n}\n.icon-with-text-shortcode.icon-text-id-37f62702d1dcc81b6e4dc58a0001883f.layout-3 {\n  grid-template-columns: 35px minmax(0,1fr);\n}\n.icon-with-text-shortcode.icon-text-id-37f62702d1dcc81b6e4dc58a0001883f.layout-3 .dt-text-title {\n  margin-left: 0px;\n}\n.icon-with-text-shortcode.icon-text-id-37f62702d1dcc81b6e4dc58a0001883f .dt-text-title,\n.icon-with-text-shortcode.icon-text-id-37f62702d1dcc81b6e4dc58a0001883f .dt-text-title a {\n  color: #757575;\n  background: none;\n  font-weight: bold;\n}\n.icon-with-text-shortcode.icon-text-id-37f62702d1dcc81b6e4dc58a0001883f .dt-text-title {\n  margin-bottom: 10px;\n}\n.icon-with-text-shortcode.icon-text-id-37f62702d1dcc81b6e4dc58a0001883f .dt-text-desc {\n  color: #707070;\n  background: none;\n  margin-bottom: 20px;\n}<\/style><div class=\"icon-with-text-shortcode  icon-text-id-37f62702d1dcc81b6e4dc58a0001883f layout-5\" ><span   class=\"text-icon dt-icon-bg-off dt-icon-hover-off\" ><span class=\"icon-inner\"><i class=\"dt-regular-icon soc-icon icomoon-the7-font-the7-clock-01\"><\/i><i class=\"dt-hover-icon soc-icon icomoon-the7-font-the7-clock-01\"><\/i><\/span><\/span><h5 class=\"dt-text-title\"  >Opening Hours<\/h5><div class=\"dt-text-desc\">Monday to Friday, 9:00 to 19:00.<\/div><\/div><\/div><\/div><\/div><\/div><div class=\"vc_row-full-width vc_clearfix\"><\/div><div class=\"vc_row wpb_row vc_row-fluid rowMap dt-default\" style=\"margin-top: 50px;margin-bottom: 0px\"><div class=\"wpb_column vc_column_container vc_col-sm-6\"><div class=\"vc_column-inner\"><div class=\"wpb_wrapper\">\n\t<div class=\"wpb_text_column wpb_content_element  vc_custom_1669287738354\" >\n\t\t<div class=\"wpb_wrapper\">\n\t\t\t<p style=\"text-align: center;\"><strong>Also, you can come to our offices\u00a0<\/strong><\/p>\n<p style=\"text-align: center;\">Espa\u00f1a Avenue, n\u00ba 28.<\/p>\n<p style=\"text-align: center;\">Gran Sol Building. Left mezzanine.<\/p>\n<p style=\"text-align: center;\">02002. Albacete. Espa\u00f1a.<\/p>\n\n\t\t<\/div>\n\t<\/div>\n<\/div><\/div><\/div><div class=\"wpb_column vc_column_container vc_col-sm-6\"><div class=\"vc_column-inner\"><div class=\"wpb_wrapper\"><div class=\"wpb_gmaps_widget wpb_content_element\"><div class=\"wpb_wrapper\"><div class=\"wpb_map_wraper\"><iframe src=\"https:\/\/www.google.com\/maps\/embed?pb=!1m14!1m8!1m3!1d6202.776007888065!2d-1.856680003580408!3d38.98364020170756!3m2!1i1024!2i768!4f13.1!3m3!1m2!1s0xd665fc32b999bff%3A0x46ec8dcb9017c9bb!2sAv.%20de%20Espa%C3%B1a%2C%2002002%20Albacete!5e0!3m2!1ses!2ses!4v1669287771789!5m2!1ses!2ses\" width=\"400\" height=\"300\" style=\"border:0;\" allowfullscreen=\"\" loading=\"lazy\" referrerpolicy=\"no-referrer-when-downgrade\"><\/iframe><\/div><\/div><\/div><\/div><\/div><\/div><\/div>\n<\/div>","protected":false},"excerpt":{"rendered":"<p>Si desea m\u00e1s informaci\u00f3n sobre los servicios de la empresa: Ll\u00e1manos+34 967 25 70 53 +34 692 06 74 37Escr\u00edbenosinfo@yottadesarrollos.comHorario de atenci\u00f3nDe lunes a viernes de 9:00 a 19:00. Tambi\u00e9n puedes acudir a nuestras oficinas\u00a0 Avenida de Espa\u00f1a, n\u00ba28. Edificio Gran Sol. Entreplanta izquierda. 02002. Albacete. Espa\u00f1a.<\/p>","protected":false},"author":1,"featured_media":0,"parent":0,"menu_order":0,"comment_status":"closed","ping_status":"closed","template":"","meta":{"footnotes":""},"class_list":["post-15354","page","type-page","status-publish","hentry","description-off"],"_links":{"self":[{"href":"https:\/\/www.yottadesarrollos.com\/en\/wp-json\/wp\/v2\/pages\/15354","targetHints":{"allow":["GET"]}}],"collection":[{"href":"https:\/\/www.yottadesarrollos.com\/en\/wp-json\/wp\/v2\/pages"}],"about":[{"href":"https:\/\/www.yottadesarrollos.com\/en\/wp-json\/wp\/v2\/types\/page"}],"author":[{"embeddable":true,"href":"https:\/\/www.yottadesarrollos.com\/en\/wp-json\/wp\/v2\/users\/1"}],"replies":[{"embeddable":true,"href":"https:\/\/www.yottadesarrollos.com\/en\/wp-json\/wp\/v2\/comments?post=15354"}],"version-history":[{"count":187,"href":"https:\/\/www.yottadesarrollos.com\/en\/wp-json\/wp\/v2\/pages\/15354\/revisions"}],"predecessor-version":[{"id":18598,"href":"https:\/\/www.yottadesarrollos.com\/en\/wp-json\/wp\/v2\/pages\/15354\/revisions\/18598"}],"wp:attachment":[{"href":"https:\/\/www.yottadesarrollos.com\/en\/wp-json\/wp\/v2\/media?parent=15354"}],"curies":[{"name":"wp","href":"https:\/\/api.w.org\/{rel}","templated":true}]}}