{"id":16769,"date":"2018-02-15T10:22:10","date_gmt":"2018-02-15T10:22:10","guid":{"rendered":"http:\/\/www.yottadesarrollos.com\/?page_id=16769"},"modified":"2024-04-30T08:01:11","modified_gmt":"2024-04-30T08:01:11","slug":"lokinn","status":"publish","type":"page","link":"https:\/\/www.yottadesarrollos.com\/en\/lokinn\/","title":{"rendered":"Lokinn.com"},"content":{"rendered":"<div class=\"wpb-content-wrapper\"><div class=\"vc_row wpb_row vc_row-fluid dt-default\" style=\"margin-top: 0px;margin-bottom: 0px\"><div class=\"wpb_column vc_column_container vc_col-sm-12\"><div class=\"vc_column-inner\"><div class=\"wpb_wrapper\">\n\t<div class=\"wpb_text_column wpb_content_element  textProy\" >\n\t\t<div class=\"wpb_wrapper\">\n\t\t\t<p>Lokinn.com is a platform designed to integrate all business areas and companies, both inside and outside these areas, into a single website.<\/p>\n<p>Additionally, it provides business area managers and companies with various tools to enhance their productivity and positioning.<\/p>\n\n\t\t<\/div>\n\t<\/div>\n<\/div><\/div><\/div><\/div><div class=\"vc_row wpb_row vc_row-fluid dt-default\" style=\"margin-top: 30px;margin-bottom: 0px\"><div class=\"wpb_column vc_column_container vc_col-sm-6\"><div class=\"vc_column-inner\"><div class=\"wpb_wrapper\">\n\t<div  class=\"wpb_single_image wpb_content_element vc_align_center  wpb_animate_when_almost_visible wpb_fadeInLeft fadeInLeft\">\n\t\t\n\t\t<figure class=\"wpb_wrapper vc_figure\">\n\t\t\t<div class=\"vc_single_image-wrapper   vc_box_border_grey\"><img loading=\"lazy\" decoding=\"async\" width=\"644\" height=\"352\" src=\"https:\/\/www.yottadesarrollos.com\/wp-content\/uploads\/2019\/11\/Servicios-poligono.jpg\" class=\"vc_single_image-img attachment-full\" alt=\"\" title=\"Servicios poligono\" srcset=\"https:\/\/www.yottadesarrollos.com\/wp-content\/uploads\/2019\/11\/Servicios-poligono.jpg 644w, https:\/\/www.yottadesarrollos.com\/wp-content\/uploads\/2019\/11\/Servicios-poligono-300x164.jpg 300w\" sizes=\"auto, (max-width: 644px) 100vw, 644px\"  data-dt-location=\"https:\/\/www.yottadesarrollos.com\/en\/servicios-poligono\/\" \/><\/div>\n\t\t<\/figure>\n\t<\/div>\n<\/div><\/div><\/div><div class=\"wpb_column vc_column_container vc_col-sm-6\"><div class=\"vc_column-inner\"><div class=\"wpb_wrapper\">\n\t<div class=\"wpb_text_column wpb_content_element  wpb_animate_when_almost_visible wpb_fadeInRight fadeInRight vc_custom_1714128271253 txtProd\" >\n\t\t<div class=\"wpb_wrapper\">\n\t\t\t<h3>Managers of business areas<\/h3>\n<p>We offer to managers of business areas a common space to make themselves known, publishing the services and characteristics of their areas, as well as the companies that are installed in them.<\/p>\n<p>The platform also makes different tools available to improve the management of their business area, and the communication with their companies.<\/p>\n\n\t\t<\/div>\n\t<\/div>\n<\/div><\/div><\/div><\/div><div class=\"vc_row wpb_row vc_row-fluid dt-default\" style=\"margin-top: 50px;margin-bottom: 0px\"><div class=\"wpb_column vc_column_container vc_col-sm-6\"><div class=\"vc_column-inner\"><div class=\"wpb_wrapper\">\n\t<div class=\"wpb_text_column wpb_content_element  wpb_animate_when_almost_visible wpb_fadeInUp fadeInUp vc_custom_1714384738531 txtProd\" >\n\t\t<div class=\"wpb_wrapper\">\n\t\t\t<h3>Companies<\/h3>\n<p>We provide companies with their own space within Lokinn to make themselves known.<\/p>\n<p>Registered companies can manage all their information free of charge and access various tools designed to improve productivity, such as Billing &amp; Accounting, Security, and Business Opportunities.<\/p>\n\n\t\t<\/div>\n\t<\/div>\n<\/div><\/div><\/div><div class=\"wpb_column vc_column_container vc_col-sm-6\"><div class=\"vc_column-inner\"><div class=\"wpb_wrapper\">\n\t<div  class=\"wpb_single_image wpb_content_element vc_align_center  wpb_animate_when_almost_visible wpb_fadeInUp fadeInUp\">\n\t\t\n\t\t<figure class=\"wpb_wrapper vc_figure\">\n\t\t\t<div class=\"vc_single_image-wrapper vc_box_shadow_3d  vc_box_border_grey\"><img loading=\"lazy\" decoding=\"async\" width=\"3007\" height=\"1505\" src=\"https:\/\/www.yottadesarrollos.com\/wp-content\/uploads\/2019\/11\/Empresa.jpg\" class=\"vc_single_image-img attachment-full\" alt=\"\" title=\"Empresa\" srcset=\"https:\/\/www.yottadesarrollos.com\/wp-content\/uploads\/2019\/11\/Empresa.jpg 3007w, https:\/\/www.yottadesarrollos.com\/wp-content\/uploads\/2019\/11\/Empresa-300x150.jpg 300w, https:\/\/www.yottadesarrollos.com\/wp-content\/uploads\/2019\/11\/Empresa-768x384.jpg 768w, https:\/\/www.yottadesarrollos.com\/wp-content\/uploads\/2019\/11\/Empresa-1024x513.jpg 1024w, https:\/\/www.yottadesarrollos.com\/wp-content\/uploads\/2019\/11\/Empresa-1920x961.jpg 1920w\" sizes=\"auto, (max-width: 3007px) 100vw, 3007px\"  data-dt-location=\"https:\/\/www.yottadesarrollos.com\/en\/empresa\/\" \/><\/div>\n\t\t<\/figure>\n\t<\/div>\n<\/div><\/div><\/div><\/div><div class=\"vc_row wpb_row vc_row-fluid dt-default\" style=\"margin-top: 0px;margin-bottom: 0px\"><div class=\"wpb_column vc_column_container vc_col-sm-12\"><div class=\"vc_column-inner\"><div class=\"wpb_wrapper\">\n\t<div class=\"wpb_text_column wpb_content_element  txtServ\" >\n\t\t<div class=\"wpb_wrapper\">\n\t\t\t<p>Some of our tools are:<\/p>\n\n\t\t<\/div>\n\t<\/div>\n<div class=\"vc_row wpb_row vc_inner vc_row-fluid\"><div class=\"wpb_column vc_column_container vc_col-sm-6\"><div class=\"vc_column-inner\"><div class=\"wpb_wrapper\"><div class=\"smile_icon_list_wrap ult_info_list_container ult-adjust-bottom-margin\"><ul class=\"smile_icon_list left square with_bg\"><li class=\"icon_list_item\" style=\" font-size:72px;\"><div class=\"icon_list_icon\" data-animation=\"\" data-animation-delay=\"03\" style=\"font-size:24px;border-width:1px;border-style:none;background:#ffffff;color:#333333;border-color:#333333;\"><img decoding=\"async\" class=\"list-img-icon\" alt=\"null\" src=\"https:\/\/www.yottadesarrollos.com\/wp-content\/uploads\/2024\/04\/herram_documentos.png\"\/><\/div><div class=\"icon_description\" id=\"Info-list-wrap-2713\" style=\"font-size:24px;\"><h3 class=\"ult-responsive info-list-heading\"  data-ultimate-target='#Info-list-wrap-2713 h3'  data-responsive-json-new='{\"font-size\":\"desktop:16px;\",\"line-height\":\"desktop:24px;\"}'  style=\"\">Document Management<\/h3><div class=\"icon_description_text ult-responsive\"  data-ultimate-target='#Info-list-wrap-2713 .icon_description_text'  data-responsive-json-new='{\"font-size\":\"desktop:13px;\",\"line-height\":\"desktop:18px;\"}'  style=\"\"><p>Store and share documents with other users or companies within your business area.<\/p>\n<\/div><\/div><div class=\"icon_list_connector\"  style=\"border: none !important;\"><\/div><\/li><li class=\"icon_list_item\" style=\" font-size:72px;\"><div class=\"icon_list_icon\" data-animation=\"\" data-animation-delay=\"03\" style=\"font-size:24px;border-width:1px;border-style:none;background:#ffffff;color:#333333;border-color:#333333;\"><img decoding=\"async\" class=\"list-img-icon\" alt=\"null\" src=\"https:\/\/www.yottadesarrollos.com\/wp-content\/uploads\/2024\/04\/app_facturacion.png\"\/><\/div><div class=\"icon_description\" id=\"Info-list-wrap-8988\" style=\"font-size:24px;\"><h3 class=\"ult-responsive info-list-heading\"  data-ultimate-target='#Info-list-wrap-8988 h3'  data-responsive-json-new='{\"font-size\":\"desktop:16px;\",\"line-height\":\"desktop:24px;\"}'  style=\"\">Billing &amp; Accounting<\/h3><div class=\"icon_description_text ult-responsive\"  data-ultimate-target='#Info-list-wrap-8988 .icon_description_text'  data-responsive-json-new='{\"font-size\":\"desktop:13px;\",\"line-height\":\"desktop:18px;\"}'  style=\"\"><p>By working in an integrated manner with existing area information, you can generate invoices and membership fees more efficiently.<\/p>\n<\/div><\/div><div class=\"icon_list_connector\"  style=\"border: none !important;\"><\/div><\/li><li class=\"icon_list_item\" style=\" font-size:72px;\"><div class=\"icon_list_icon\" data-animation=\"\" data-animation-delay=\"03\" style=\"font-size:24px;border-width:1px;border-style:none;background:#ffffff;color:#333333;border-color:#333333;\"><img decoding=\"async\" class=\"list-img-icon\" alt=\"null\" src=\"https:\/\/www.yottadesarrollos.com\/wp-content\/uploads\/2024\/04\/app_icon_oportunidades.png\"\/><\/div><div class=\"icon_description\" id=\"Info-list-wrap-7131\" style=\"font-size:24px;\"><h3 class=\"ult-responsive info-list-heading\"  data-ultimate-target='#Info-list-wrap-7131 h3'  data-responsive-json-new='{\"font-size\":\"desktop:16px;\",\"line-height\":\"desktop:24px;\"}'  style=\"\">Business Opportunities<\/h3><div class=\"icon_description_text ult-responsive\"  data-ultimate-target='#Info-list-wrap-7131 .icon_description_text'  data-responsive-json-new='{\"font-size\":\"desktop:13px;\",\"line-height\":\"desktop:18px;\"}'  style=\"\"><p>Discover the products and services offered by companies in your business area, identify generated products and by-products, and explore business opportunities in demand.<\/p>\n<\/div><\/div><div class=\"icon_list_connector\"  style=\"border: none !important;\"><\/div><\/li><\/ul><\/div><\/div><\/div><\/div><div class=\"wpb_column vc_column_container vc_col-sm-6\"><div class=\"vc_column-inner\"><div class=\"wpb_wrapper\"><div class=\"smile_icon_list_wrap ult_info_list_container ult-adjust-bottom-margin\"><ul class=\"smile_icon_list left square with_bg\"><li class=\"icon_list_item\" style=\" font-size:72px;\"><div class=\"icon_list_icon\" data-animation=\"\" data-animation-delay=\"03\" style=\"font-size:24px;border-width:1px;border-style:none;background:#ffffff;color:#333333;border-color:#333333;\"><img decoding=\"async\" class=\"list-img-icon\" alt=\"null\" src=\"https:\/\/www.yottadesarrollos.com\/wp-content\/uploads\/2024\/04\/app_seguridad.png\"\/><\/div><div class=\"icon_description\" id=\"Info-list-wrap-9330\" style=\"font-size:24px;\"><h3 class=\"ult-responsive info-list-heading\"  data-ultimate-target='#Info-list-wrap-9330 h3'  data-responsive-json-new='{\"font-size\":\"desktop:16px;\",\"line-height\":\"desktop:24px;\"}'  style=\"\">Security<\/h3><div class=\"icon_description_text ult-responsive\"  data-ultimate-target='#Info-list-wrap-9330 .icon_description_text'  data-responsive-json-new='{\"font-size\":\"desktop:13px;\",\"line-height\":\"desktop:18px;\"}'  style=\"\"><p>A pioneering tool in the sector that centralizes all security-related information for companies and industrial parks while enabling efficient emergency management.<\/p>\n<\/div><\/div><div class=\"icon_list_connector\"  style=\"border: none !important;\"><\/div><\/li><li class=\"icon_list_item\" style=\" font-size:72px;\"><div class=\"icon_list_icon\" data-animation=\"\" data-animation-delay=\"03\" style=\"font-size:24px;border-width:1px;border-style:none;background:#ffffff;color:#333333;border-color:#333333;\"><img decoding=\"async\" class=\"list-img-icon\" alt=\"null\" src=\"https:\/\/www.yottadesarrollos.com\/wp-content\/uploads\/2024\/04\/app_icon_incidencias.png\"\/><\/div><div class=\"icon_description\" id=\"Info-list-wrap-6076\" style=\"font-size:24px;\"><h3 class=\"ult-responsive info-list-heading\"  data-ultimate-target='#Info-list-wrap-6076 h3'  data-responsive-json-new='{\"font-size\":\"desktop:16px;\",\"line-height\":\"desktop:24px;\"}'  style=\"\">Incident Management<\/h3><div class=\"icon_description_text ult-responsive\"  data-ultimate-target='#Info-list-wrap-6076 .icon_description_text'  data-responsive-json-new='{\"font-size\":\"desktop:13px;\",\"line-height\":\"desktop:18px;\"}'  style=\"\"><p>Anyone can report an issue or incident to the responsible parties, who can then manage it individually.<\/p>\n<\/div><\/div><div class=\"icon_list_connector\"  style=\"border: none !important;\"><\/div><\/li><li class=\"icon_list_item\" style=\" font-size:72px;\"><div class=\"icon_list_icon\" data-animation=\"\" data-animation-delay=\"03\" style=\"font-size:24px;border-width:1px;border-style:none;background:#ffffff;color:#333333;border-color:#333333;\"><img decoding=\"async\" class=\"list-img-icon\" alt=\"null\" src=\"https:\/\/www.yottadesarrollos.com\/wp-content\/uploads\/2024\/04\/carpool.png\"\/><\/div><div class=\"icon_description\" id=\"Info-list-wrap-4848\" style=\"font-size:24px;\"><h3 class=\"ult-responsive info-list-heading\"  data-ultimate-target='#Info-list-wrap-4848 h3'  data-responsive-json-new='{\"font-size\":\"desktop:16px;\",\"line-height\":\"desktop:24px;\"}'  style=\"\">Carpooling<\/h3><div class=\"icon_description_text ult-responsive\"  data-ultimate-target='#Info-list-wrap-4848 .icon_description_text'  data-responsive-json-new='{\"font-size\":\"desktop:13px;\",\"line-height\":\"desktop:18px;\"}'  style=\"\"><p>Business area users can travel in a convenient and sustainable way.<\/p>\n<\/div><\/div><div class=\"icon_list_connector\"  style=\"border: none !important;\"><\/div><\/li><\/ul><\/div><\/div><\/div><\/div><\/div><\/div><\/div><\/div><\/div><div class=\"vc_row wpb_row vc_row-fluid dt-default\" style=\"margin-top: 50px;margin-bottom: 0px\"><div class=\"wpb_column vc_column_container vc_col-sm-6\"><div class=\"vc_column-inner\"><div class=\"wpb_wrapper\">\n\t<div class=\"wpb_text_column wpb_content_element\" >\n\t\t<div class=\"wpb_wrapper\">\n\t\t\t<p style=\"text-align: center;\"><strong>For more information, <em><a href=\"https:\/\/www.lokinn.com\/\" target=\"_blank\" rel=\"noopener\">visit lokinn.com<\/a>.<\/em><\/strong><\/p>\n\n\t\t<\/div>\n\t<\/div>\n<\/div><\/div><\/div><div class=\"wpb_column vc_column_container vc_col-sm-6\"><div class=\"vc_column-inner\"><div class=\"wpb_wrapper\"><div class=\"ubtn-ctn-center btnPDF\"><a class=\"ubtn-link ult-adjust-bottom-margin ubtn-center ubtn-normal btnPDF\" href=\"https:\/\/www.yottadesarrollos.com\/wp-content\/uploads\/2023\/06\/Presentacion-Lokinn-areas-empresariales.pdf\" target=\"_blank\" rel=\"noopener\" ><button type=\"button\" id=\"ubtn-4445\"  class=\"ubtn ult-adjust-bottom-margin ult-responsive ubtn-normal ubtn-no-hover-bg  none  ubtn-sep-icon ubtn-sep-icon-at-left  ubtn-center   tooltip-69ed0562354e4\"  data-hover=\"\" data-border-color=\"\" data-bg=\"#e05e5e\" data-hover-bg=\"\" data-border-hover=\"\" data-shadow-hover=\"\" data-shadow-click=\"none\" data-shadow=\"\" data-shd-shadow=\"\"  data-ultimate-target='#ubtn-4445'  data-responsive-json-new='{\"font-size\":\"\",\"line-height\":\"\"}'  style=\"font-weight:normal;border:none;background: #e05e5e;color: #ffffff;\"><span class=\"ubtn-data ubtn-icon\"><i class=\"dt-icon-the7-download\" style=\"font-size:10px;color:;\"><\/i><\/span><span class=\"ubtn-hover\" style=\"background-color:\"><\/span><span class=\"ubtn-data ubtn-text\" >Download our presentation on PDF<\/span><\/button><\/a><\/div><\/div><\/div><\/div><\/div>\n<\/div>","protected":false},"excerpt":{"rendered":"<p>Lokinn.com es una plataforma creada para integrar en una \u00fanica p\u00e1gina web a todas las \u00e1reas empresariales y las empresas localizadas tanto dentro como fuera de estas \u00e1reas. Adem\u00e1s, ofrece a los gestores de las \u00e1reas empresariales, y a las empresas, diferentes herramientas para mejorar su productividad y posicionamiento. Gestores de \u00e1reas\u00a0empresariales Ofrecemos a los&hellip;<\/p>","protected":false},"author":1,"featured_media":0,"parent":0,"menu_order":0,"comment_status":"closed","ping_status":"closed","template":"","meta":{"footnotes":""},"class_list":["post-16769","page","type-page","status-publish","hentry","description-off"],"_links":{"self":[{"href":"https:\/\/www.yottadesarrollos.com\/en\/wp-json\/wp\/v2\/pages\/16769","targetHints":{"allow":["GET"]}}],"collection":[{"href":"https:\/\/www.yottadesarrollos.com\/en\/wp-json\/wp\/v2\/pages"}],"about":[{"href":"https:\/\/www.yottadesarrollos.com\/en\/wp-json\/wp\/v2\/types\/page"}],"author":[{"embeddable":true,"href":"https:\/\/www.yottadesarrollos.com\/en\/wp-json\/wp\/v2\/users\/1"}],"replies":[{"embeddable":true,"href":"https:\/\/www.yottadesarrollos.com\/en\/wp-json\/wp\/v2\/comments?post=16769"}],"version-history":[{"count":101,"href":"https:\/\/www.yottadesarrollos.com\/en\/wp-json\/wp\/v2\/pages\/16769\/revisions"}],"predecessor-version":[{"id":18536,"href":"https:\/\/www.yottadesarrollos.com\/en\/wp-json\/wp\/v2\/pages\/16769\/revisions\/18536"}],"wp:attachment":[{"href":"https:\/\/www.yottadesarrollos.com\/en\/wp-json\/wp\/v2\/media?parent=16769"}],"curies":[{"name":"wp","href":"https:\/\/api.w.org\/{rel}","templated":true}]}}