{"id":16848,"date":"2018-04-19T10:41:17","date_gmt":"2018-04-19T10:41:17","guid":{"rendered":"http:\/\/www.yottadesarrollos.com\/?page_id=16848"},"modified":"2022-12-30T09:24:20","modified_gmt":"2022-12-30T09:24:20","slug":"cookies","status":"publish","type":"page","link":"https:\/\/www.yottadesarrollos.com\/en\/cookies\/","title":{"rendered":"Cookies"},"content":{"rendered":"<div class=\"wpb-content-wrapper\"><div class=\"vc_row wpb_row vc_row-fluid dt-default\" style=\"margin-top: 0px;margin-bottom: 0px\"><div class=\"wpb_column vc_column_container vc_col-sm-12\"><div class=\"vc_column-inner\"><div class=\"wpb_wrapper\">\n\t<div class=\"wpb_text_column wpb_content_element\" >\n\t\t<div class=\"wpb_wrapper\">\n\t\t\t<p><span style=\"color: #000000;\"><b>\u00bfQU\u00c9 SON LAS COOKIES Y PARA QU\u00c9 LAS USAMOS?<\/b><\/span><\/p>\n<p><span style=\"color: #000000;\">Una\u00a0cookie\u00a0o galleta inform\u00e1tica es un peque\u00f1o archivo de informaci\u00f3n que se guarda en tu ordenador, \u00absmartphone\u00bb o tableta cada vez que visitas nuestra p\u00e1gina web.<\/span><\/p>\n<p><span style=\"color: #000000;\">En principio, una cookie es inofensiva: no contiene virus, troyanos, gusanos, etc. que puedan da\u00f1ar tu terminal, pero s\u00ed tiene cierto impacto sobre tu derecho a la protecci\u00f3n de tus datos personales, pues recoge determinada informaci\u00f3n concerniente a tu persona (h\u00e1bitos de navegaci\u00f3n, identidad, preferencias, etc.).<\/span><\/p>\n<p><span style=\"color: #000000;\">Es por ello que, en base a lo establecido en la normativa aplicable (LSSI y normativa vigente de protecci\u00f3n de datos personales), la activaci\u00f3n de determinados tipos de cookies necesitar\u00e1 de tu autorizaci\u00f3n previa.<\/span><\/p>\n<p><span style=\"color: #000000;\">Antes de ello, te daremos alguna informaci\u00f3n adicional que te ayudar\u00e1 a una mejor toma de decisiones al respecto:<\/span><\/p>\n<p><span style=\"color: #000000;\">1. Las cookies pueden ser de varios tipos en funci\u00f3n de su finalidad:<\/span><\/p>\n<ul>\n<li><span style=\"color: #000000;\">Las cookies t\u00e9cnicas son necesarias para que nuestra p\u00e1gina web pueda funcionar, no necesitan de tu autorizaci\u00f3n y son las \u00fanicas que tenemos activadas por defecto.<\/span><\/li>\n<li><span style=\"color: #000000;\">El resto de cookies sirven para mejorar nuestra p\u00e1gina, para personalizarla en base a tus preferencias, o para poder mostrarte publicidad ajustada a tus b\u00fasquedas, gustos e intereses personales. Puedes aceptar todas estas cookies pulsando el bot\u00f3n <b>ACEPTAR<\/b> o configurarlas o rechazar su uso clicando en el apartado <b>CONFIGURACI\u00d3N DE COOKIES<\/b>.<\/span><\/li>\n<\/ul>\n<p><span style=\"color: #000000;\">2. Algunas cookies son nuestras (las denominaremos <b>cookies propias<\/b>&lt;) y otras pertenecen a empresas externas que prestan servicios para nuestra p\u00e1gina web (las denominaremos <b>cookies de terceros<\/b>: un ejemplo podr\u00edan ser las cookies de proveedores externos como Google). En este sentido, es importante que sepas que algunos de dichos proveedores externos pueden estar ubicados fuera de Espa\u00f1a.<\/span><\/p>\n<p><span style=\"color: #000000;\">A nivel mundial, no todos los pa\u00edses tienen un mismo nivel de protecci\u00f3n de datos, existiendo algunos pa\u00edses m\u00e1s seguros que otros (por ejemplo, la Uni\u00f3n Europea es un entorno seguro para tus datos). Nuestra pol\u00edtica es recurrir a proveedores confiables que, con independencia de que se encuentren o no ubicados en la Uni\u00f3n Europea, hayan adoptado las garant\u00edas adecuadas para la protecci\u00f3n de tu informaci\u00f3n personal. No obstante, en el apartado denominado <b>\u00bfQU\u00c9 TIPO DE COOKIES SE UTILIZAN ACTUALMENTE EN NUESTRA P\u00c1GINA WEB?<\/b>&lt;, puedes consultar las distintas Pol\u00edticas de privacidad y protecci\u00f3n de datos de cada uno de los referidos proveedores externos, a fin de tomar una decisi\u00f3n consciente sobre la activaci\u00f3n o no de las cookies de terceros que utiliza nuestra p\u00e1gina web.<\/span><\/p>\n<p><span style=\"color: #000000;\">3. Finalmente, indicarte que, en funci\u00f3n del plazo de tiempo que permanecen activas, las cookies pueden ser de dos tipos:<\/span><\/p>\n<ul>\n<li><span style=\"color: #000000;\"><b>Cookies de sesi\u00f3n<\/b>: expiran autom\u00e1ticamente cuando terminas la sesi\u00f3n en tu ordenador, \u201csmartphone\u201d o tableta. Suelen emplearse para conservar la informaci\u00f3n necesaria mientras se te presta un servicio en una sola ocasi\u00f3n.<\/span><\/li>\n<li><span style=\"color: #000000;\"><b>Cookies persistentes<\/b>: permanecen almacenadas en tu ordenador, \u201csmartphone\u201d o tableta durante un periodo determinado, que puede variar desde unos minutos hasta varios a\u00f1os.<\/span><\/li>\n<\/ul>\n<p><span style=\"color: #000000;\"><b>\u00bfQU\u00c9 TIPO DE COOKIES PODEMOS UTILIZAR EN NUESTRA P\u00c1GINA WEB?<\/b><\/span><\/p>\n<ul>\n<li><span style=\"color: #000000;\"><b>Cookies T\u00e9cnicas:<\/b><\/span><\/li>\n<\/ul>\n<p><span style=\"color: #000000;\">Las cookies t\u00e9cnicas son estrictamente necesarias para que nuestra p\u00e1gina web funcione y puedas navegar por la misma. Este tipo de cookies son las que, por ejemplo, nos permiten identificarte, darte acceso a determinadas partes restringidas de la p\u00e1gina si fuese necesario, o recordar diferentes opciones o servicios ya seleccionados por ti, como tus preferencias de privacidad. Por ello, <b>est\u00e1n activadas por defecto, no siendo necesaria tu autorizaci\u00f3n al respecto.<\/b><\/span><\/p>\n<p><span style=\"color: #000000;\">A trav\u00e9s de la configuraci\u00f3n de tu navegador, puedes bloquear o alertar de la presencia de este tipo de cookies, si bien dicho bloqueo afectar\u00e1 al correcto funcionamiento de las distintas funcionalidades de nuestra p\u00e1gina web.<\/span><\/p>\n<ul>\n<li><span style=\"color: #000000;\"><b>Cookies de An\u00e1lisis:<\/b><\/span><\/li>\n<\/ul>\n<p><span style=\"color: #000000;\">Las cookies de an\u00e1lisis nos permiten estudiar la navegaci\u00f3n de los usuarios de nuestra p\u00e1gina web en general (por ejemplo, qu\u00e9 secciones de la p\u00e1gina son las m\u00e1s visitadas, qu\u00e9 servicios se usan m\u00e1s y si funcionan correctamente, etc.).<\/span><\/p>\n<p><span style=\"color: #000000;\">A partir de la informaci\u00f3n estad\u00edstica sobre la navegaci\u00f3n en nuestra p\u00e1gina web, podemos mejorar tanto el propio funcionamiento de la p\u00e1gina como los distintos servicios que ofrece. Por tanto, estas cookies <b>no tienen una finalidad publicitaria<\/b>, sino que \u00fanicamente sirven para que nuestra p\u00e1gina web funcione mejor, adapt\u00e1ndose a nuestros usuarios en general. Activ\u00e1ndolas contribuir\u00e1s a dicha mejora continua.<\/span><\/p>\n<p><span style=\"color: #000000;\"><b>Puedes activar o desactivar estas cookies marcando la casilla correspondiente<\/b>, estando desactivadas por defecto.<\/span><\/p>\n<ul>\n<li><span style=\"color: #000000;\"><b>Cookies de Publicidad:<\/b><\/span><\/li>\n<\/ul>\n<p><span style=\"color: #000000;\">Las cookies de publicidad nos permiten la gesti\u00f3n de los espacios publicitarios incluidos en nuestra p\u00e1gina web en base a criterios como el contenido mostrado o la frecuencia en la que se muestran los anuncios.<\/span><\/p>\n<p><span style=\"color: #000000;\">As\u00ed por ejemplo, si se te ha mostrado varias veces un mismo anuncio en nuestra p\u00e1gina web, y no has mostrado un inter\u00e9s personal haciendo clic sobre \u00e9l, este no volver\u00e1 a aparecer. En resumen, activando este tipo de cookies, la publicidad mostrada en nuestra p\u00e1gina web ser\u00e1 m\u00e1s \u00fatil y diversa, y menos repetitiva.<\/span><\/p>\n<p><span style=\"color: #000000;\">Puedes activar o desactivar estas cookies marcando la casilla correspondiente, estando desactivadas por defecto.<\/span><\/p>\n<p><span style=\"color: #000000;\"><b>\u00bfQu\u00e9 puedo hacer con las cookies?<\/b><\/span><\/p>\n<p><span style=\"color: #000000;\">Cuando accedes por primera vez a nuestra p\u00e1gina web, se te muestra una ventana en la que te informamos que las cookies pueden ser de varios tipos:<\/span><\/p>\n<ul>\n<li><span style=\"color: #000000;\">Las cookies t\u00e9cnicas son necesarias para que nuestra p\u00e1gina web pueda funcionar, no necesitan de tu autorizaci\u00f3n y son las \u00fanicas que tenemos activadas por defecto.<\/span><\/li>\n<li><span style=\"color: #000000;\">El resto de cookies sirven para mejorar nuestra p\u00e1gina, para personalizarla en base a tus preferencias, o para poder mostrarte publicidad ajustada a tus b\u00fasquedas, gustos e intereses personales. Puedes aceptar todas estas cookies pulsando el bot\u00f3n <b>ACEPTAR<\/b> o configurarlas o rechazar su uso clicando en el apartado <b>CONFIGURACI\u00d3N DE COOKIES<\/b>.<\/span><\/li>\n<\/ul>\n<p><span style=\"color: #000000;\">Informarte tambi\u00e9n que, una vez que hayas activado cualquier tipo de cookies, tienes la posibilidad de desactivarlas en el momento que desees, con el simple paso de desmarcar la casilla correspondiente en el apartado <\/span><span style=\"color: #000000;\">CONFIGURACI\u00d3N DE COOKIES de nuestra p\u00e1gina web. Siempre ser\u00e1 tan sencillo para ti activar nuestras cookies propias como desactivarlas.<\/span><\/p>\n<p><span style=\"color: #000000;\">Recordarte asimismo que, a trav\u00e9s de la configuraci\u00f3n de tu navegador, puedes bloquear o alertar de la presencia de cookies, si bien dicho bloqueo puede afectar al correcto funcionamiento de las distintas funcionalidades de nuestra p\u00e1gina web en el caso de las cookies t\u00e9cnicas necesarias.<\/span><\/p>\n<p><span style=\"color: #000000;\">Por \u00faltimo, indicarte que, si activas cookies de terceros (empresas externas que prestan servicios para nuestra p\u00e1gina web) y posteriormente deseas desactivarlas, podr\u00e1s hacerlo de dos formas: usando las herramientas de desactivaci\u00f3n de cookies de tu navegador o a trav\u00e9s de los propios sistemas habilitados por dichos proveedores externos.<\/span><\/p>\n<p><span style=\"color: #000000;\">Para que te sea mucho m\u00e1s f\u00e1cil, a continuaci\u00f3n, te relacionamos una serie de enlaces a las pautas de desactivaci\u00f3n de cookies de los navegadores de uso com\u00fan:<\/span><\/p>\n<ul>\n<li><span lang=\"en-US\" style=\"color: #000000;\">Internet Explorer: <\/span><a href=\"#ie=ie-10\"><span lang=\"en-US\"><u>http:\/\/windows.microsoft.com\/es-xl\/internet-explorer\/delete-manage-cookies#ie=ie-10<\/u><\/span><\/a><\/li>\n<li><span style=\"color: #000000;\">FireFox:<\/span> <a href=\"http:\/\/support.mozilla.org\/es\/kb\/habilitar-y-deshabilitar-cookies-que-los-sitios-we\"><span lang=\"en-US\"><u>http:\/\/support.mozilla.org\/es\/kb\/habilitar-y-deshabilitar-cookies-que-los-sitios-we<\/u><\/span><\/a><\/li>\n<li><span style=\"color: #000000;\">Chrome:<\/span> <a href=\"https:\/\/support.google.com\/chrome\/answer\/95647?hl=es\"><u>https:\/\/support.google.com\/chrome\/answer\/95647?hl=es<\/u><\/a><\/li>\n<li><span style=\"color: #000000;\">Safari:<\/span> <a href=\"https:\/\/www.apple.com\/legal\/privacy\/es\/cookies\/\"><u>https:\/\/www.apple.com\/legal\/privacy\/es\/cookies\/<\/u><\/a><\/li>\n<\/ul>\n<p><span style=\"color: #000000;\">Tambi\u00e9n puede borrar las cookies que tenga guardadas en su navegador acudiendo a las opciones de configuraci\u00f3n del mismo.<\/span><\/p>\n\n\t\t<\/div>\n\t<\/div>\n<\/div><\/div><\/div><\/div>\n<\/div>","protected":false},"excerpt":{"rendered":"<p>\u00bfQU\u00c9 SON LAS COOKIES Y PARA QU\u00c9 LAS USAMOS? Una\u00a0cookie\u00a0o galleta inform\u00e1tica es un peque\u00f1o archivo de informaci\u00f3n que se guarda en tu ordenador, \u00absmartphone\u00bb o tableta cada vez que visitas nuestra p\u00e1gina web. En principio, una cookie es inofensiva: no contiene virus, troyanos, gusanos, etc. que puedan da\u00f1ar tu terminal, pero s\u00ed tiene cierto&hellip;<\/p>","protected":false},"author":1,"featured_media":0,"parent":0,"menu_order":0,"comment_status":"closed","ping_status":"closed","template":"","meta":{"footnotes":""},"class_list":["post-16848","page","type-page","status-publish","hentry","description-off"],"_links":{"self":[{"href":"https:\/\/www.yottadesarrollos.com\/en\/wp-json\/wp\/v2\/pages\/16848","targetHints":{"allow":["GET"]}}],"collection":[{"href":"https:\/\/www.yottadesarrollos.com\/en\/wp-json\/wp\/v2\/pages"}],"about":[{"href":"https:\/\/www.yottadesarrollos.com\/en\/wp-json\/wp\/v2\/types\/page"}],"author":[{"embeddable":true,"href":"https:\/\/www.yottadesarrollos.com\/en\/wp-json\/wp\/v2\/users\/1"}],"replies":[{"embeddable":true,"href":"https:\/\/www.yottadesarrollos.com\/en\/wp-json\/wp\/v2\/comments?post=16848"}],"version-history":[{"count":27,"href":"https:\/\/www.yottadesarrollos.com\/en\/wp-json\/wp\/v2\/pages\/16848\/revisions"}],"predecessor-version":[{"id":18419,"href":"https:\/\/www.yottadesarrollos.com\/en\/wp-json\/wp\/v2\/pages\/16848\/revisions\/18419"}],"wp:attachment":[{"href":"https:\/\/www.yottadesarrollos.com\/en\/wp-json\/wp\/v2\/media?parent=16848"}],"curies":[{"name":"wp","href":"https:\/\/api.w.org\/{rel}","templated":true}]}}