{"id":17585,"date":"2019-11-14T11:04:49","date_gmt":"2019-11-14T11:04:49","guid":{"rendered":"http:\/\/www.yottadesarrollos.com\/?page_id=17585"},"modified":"2025-01-31T08:38:04","modified_gmt":"2025-01-31T08:38:04","slug":"inmobilial-es","status":"publish","type":"page","link":"https:\/\/www.yottadesarrollos.com\/en\/inmobilial-es\/","title":{"rendered":"Inmobilial.es"},"content":{"rendered":"<div class=\"wpb-content-wrapper\"><div class=\"vc_row wpb_row vc_row-fluid dt-default\" style=\"margin-top: 0px;margin-bottom: 0px\"><div class=\"wpb_column vc_column_container vc_col-sm-12\"><div class=\"vc_column-inner\"><div class=\"wpb_wrapper\">\n\t<div class=\"wpb_text_column wpb_content_element  textProy\" >\n\t\t<div class=\"wpb_wrapper\">\n\t\t\t<p>Inmobilial.es is designed as part of the Lokinn.com project, with the aim of supporting the purchase, sale and rental of both, industrial land, commercial premises and offices.<\/p>\n\n\t\t<\/div>\n\t<\/div>\n<\/div><\/div><\/div><\/div><div class=\"vc_row wpb_row vc_row-fluid dt-default\" style=\"margin-top: 30px;margin-bottom: 0px\"><div class=\"wpb_column vc_column_container vc_col-sm-6\"><div class=\"vc_column-inner\"><div class=\"wpb_wrapper\">\n\t<div  class=\"wpb_single_image wpb_content_element vc_align_center  wpb_animate_when_almost_visible wpb_rotateInDownLeft rotateInDownLeft  imgInmo1\">\n\t\t\n\t\t<figure class=\"wpb_wrapper vc_figure\">\n\t\t\t<div class=\"vc_single_image-wrapper   vc_box_border_grey\"><img loading=\"lazy\" decoding=\"async\" width=\"1000\" height=\"486\" src=\"https:\/\/www.yottadesarrollos.com\/wp-content\/uploads\/2022\/11\/inmoUser.jpg\" class=\"vc_single_image-img attachment-full\" alt=\"\" title=\"Inmobilial Usuarios\" srcset=\"https:\/\/www.yottadesarrollos.com\/wp-content\/uploads\/2022\/11\/inmoUser.jpg 1000w, https:\/\/www.yottadesarrollos.com\/wp-content\/uploads\/2022\/11\/inmoUser-300x146.jpg 300w, https:\/\/www.yottadesarrollos.com\/wp-content\/uploads\/2022\/11\/inmoUser-768x373.jpg 768w, https:\/\/www.yottadesarrollos.com\/wp-content\/uploads\/2022\/11\/inmoUser-18x9.jpg 18w\" sizes=\"auto, (max-width: 1000px) 100vw, 1000px\"  data-dt-location=\"https:\/\/www.yottadesarrollos.com\/en\/inmobilial-es\/inmouser\/\" \/><\/div>\n\t\t<\/figure>\n\t<\/div>\n<\/div><\/div><\/div><div class=\"wpb_column vc_column_container vc_col-sm-6\"><div class=\"vc_column-inner\"><div class=\"wpb_wrapper\">\n\t<div class=\"wpb_text_column wpb_content_element  wpb_animate_when_almost_visible wpb_fadeInRight fadeInRight vc_custom_1669636888217\" >\n\t\t<div class=\"wpb_wrapper\">\n\t\t\t<h3><strong>If you are looking for a property\u2026<\/strong><\/h3>\n<p>Inmobilial offers you an intuitive interface with extensive search options; In addition, by being part of Lokinn, you will obtain a large amount of information about the area of \u200b\u200bthe property, such as nearby gas stations, or other nearby industrial areas.<\/p>\n\n\t\t<\/div>\n\t<\/div>\n<\/div><\/div><\/div><\/div><div class=\"vc_row wpb_row vc_row-fluid dt-default\" style=\"margin-top: 50px;margin-bottom: 0px\"><div class=\"wpb_column vc_column_container vc_col-sm-6\"><div class=\"vc_column-inner\"><div class=\"wpb_wrapper\">\n\t<div class=\"wpb_text_column wpb_content_element  wpb_animate_when_almost_visible wpb_fadeInUp fadeInUp vc_custom_1738312681184\" >\n\t\t<div class=\"wpb_wrapper\">\n\t\t\t<h3>If you are an advertiser<\/h3>\n<p>You will be able to publicize your properties or plots in an easy and accessible way.<\/p>\n<p>In addition, if your property is part of an industrial area registered at Lokinn.com, you will have access to attached information, such as the general services provided by the area, or the differents infrastructures available.<\/p>\n\n\t\t<\/div>\n\t<\/div>\n<\/div><\/div><\/div><div class=\"wpb_column vc_column_container vc_col-sm-6\"><div class=\"vc_column-inner\"><div class=\"wpb_wrapper\">\n\t<div  class=\"wpb_single_image wpb_content_element vc_align_center  wpb_animate_when_almost_visible wpb_fadeInUp fadeInUp  imgInmo1\">\n\t\t\n\t\t<figure class=\"wpb_wrapper vc_figure\">\n\t\t\t<div class=\"vc_single_image-wrapper   vc_box_border_grey\"><img loading=\"lazy\" decoding=\"async\" width=\"1528\" height=\"643\" src=\"https:\/\/www.yottadesarrollos.com\/wp-content\/uploads\/2022\/11\/inmoAnun1-2.jpg\" class=\"vc_single_image-img attachment-full\" alt=\"\" title=\"Inmobilial Anunciantes\" srcset=\"https:\/\/www.yottadesarrollos.com\/wp-content\/uploads\/2022\/11\/inmoAnun1-2.jpg 1528w, https:\/\/www.yottadesarrollos.com\/wp-content\/uploads\/2022\/11\/inmoAnun1-2-300x126.jpg 300w, https:\/\/www.yottadesarrollos.com\/wp-content\/uploads\/2022\/11\/inmoAnun1-2-1024x431.jpg 1024w, https:\/\/www.yottadesarrollos.com\/wp-content\/uploads\/2022\/11\/inmoAnun1-2-768x323.jpg 768w, https:\/\/www.yottadesarrollos.com\/wp-content\/uploads\/2022\/11\/inmoAnun1-2-18x8.jpg 18w\" sizes=\"auto, (max-width: 1528px) 100vw, 1528px\"  data-dt-location=\"https:\/\/www.yottadesarrollos.com\/en\/inmobilial-es\/inmoanun1-3\/\" \/><\/div>\n\t\t<\/figure>\n\t<\/div>\n<\/div><\/div><\/div><\/div><div class=\"vc_row wpb_row vc_row-fluid dt-default\" style=\"margin-top: 50px;margin-bottom: 0px\"><div class=\"wpb_column vc_column_container vc_col-sm-12\"><div class=\"vc_column-inner\"><div class=\"wpb_wrapper\">\n\t<div class=\"wpb_text_column wpb_content_element\" >\n\t\t<div class=\"wpb_wrapper\">\n\t\t\t<p style=\"text-align: center;\"><strong>For more information,\u00a0<a href=\"https:\/\/inmobilial.es\/\" target=\"_blank\" rel=\"noopener\"><em>visit inmobilial.es<\/em><\/a>.<\/strong><\/p>\n\n\t\t<\/div>\n\t<\/div>\n<\/div><\/div><\/div><\/div>\n<\/div>","protected":false},"excerpt":{"rendered":"<p>Inmobilial.es est\u00e1 ideada como parte del proyecto Lokinn.com, con el objetivo de dar soporte a la compra-venta y alquiler tanto de suelo industrial, como de locales comerciales y oficinas. Si buscas un inmueble&#8230; Inmobilial te ofrece una interfaz intuitiva y con amplias opciones de b\u00fasqueda; adem\u00e1s, al formar parte de Lokinn, obtendr\u00e1s gran cantidad de&hellip;<\/p>","protected":false},"author":1,"featured_media":0,"parent":0,"menu_order":0,"comment_status":"closed","ping_status":"closed","template":"","meta":{"footnotes":""},"class_list":["post-17585","page","type-page","status-publish","hentry","description-off"],"_links":{"self":[{"href":"https:\/\/www.yottadesarrollos.com\/en\/wp-json\/wp\/v2\/pages\/17585","targetHints":{"allow":["GET"]}}],"collection":[{"href":"https:\/\/www.yottadesarrollos.com\/en\/wp-json\/wp\/v2\/pages"}],"about":[{"href":"https:\/\/www.yottadesarrollos.com\/en\/wp-json\/wp\/v2\/types\/page"}],"author":[{"embeddable":true,"href":"https:\/\/www.yottadesarrollos.com\/en\/wp-json\/wp\/v2\/users\/1"}],"replies":[{"embeddable":true,"href":"https:\/\/www.yottadesarrollos.com\/en\/wp-json\/wp\/v2\/comments?post=17585"}],"version-history":[{"count":63,"href":"https:\/\/www.yottadesarrollos.com\/en\/wp-json\/wp\/v2\/pages\/17585\/revisions"}],"predecessor-version":[{"id":18584,"href":"https:\/\/www.yottadesarrollos.com\/en\/wp-json\/wp\/v2\/pages\/17585\/revisions\/18584"}],"wp:attachment":[{"href":"https:\/\/www.yottadesarrollos.com\/en\/wp-json\/wp\/v2\/media?parent=17585"}],"curies":[{"name":"wp","href":"https:\/\/api.w.org\/{rel}","templated":true}]}}