{"id":18329,"date":"2022-11-29T08:16:14","date_gmt":"2022-11-29T08:16:14","guid":{"rendered":"https:\/\/www.yottadesarrollos.com\/?page_id=18329"},"modified":"2022-11-29T11:31:26","modified_gmt":"2022-11-29T11:31:26","slug":"munigestion-es","status":"publish","type":"page","link":"https:\/\/www.yottadesarrollos.com\/en\/munigestion-es\/","title":{"rendered":"Munigestion.es"},"content":{"rendered":"<div class=\"wpb-content-wrapper\"><div class=\"vc_row wpb_row vc_row-fluid dt-default\" style=\"margin-top: 0px;margin-bottom: 0px\"><div class=\"wpb_column vc_column_container vc_col-sm-12\"><div class=\"vc_column-inner\"><div class=\"wpb_wrapper\">\n\t<div class=\"wpb_text_column wpb_content_element  textProy\" >\n\t\t<div class=\"wpb_wrapper\">\n\t\t\t<p>Munigestion.es offers users tools to manage and improve their own entity and offer them a personal work space.<\/p>\n\n\t\t<\/div>\n\t<\/div>\n<\/div><\/div><\/div><\/div><div class=\"vc_row wpb_row vc_row-fluid dt-default\" style=\"margin-top: 30px;margin-bottom: 0px\"><div class=\"wpb_column vc_column_container vc_col-sm-6\"><div class=\"vc_column-inner\"><div class=\"wpb_wrapper\">\n\t<div  class=\"wpb_single_image wpb_content_element vc_align_center   imgInmo1\">\n\t\t\n\t\t<figure class=\"wpb_wrapper vc_figure\">\n\t\t\t<div class=\"vc_single_image-wrapper   vc_box_border_grey\"><img loading=\"lazy\" decoding=\"async\" width=\"1000\" height=\"471\" src=\"https:\/\/www.yottadesarrollos.com\/wp-content\/uploads\/2022\/11\/muniArbol.jpg\" class=\"vc_single_image-img attachment-full\" alt=\"entorno arbolado Munigesti\u00f3n\" title=\"entorno arbolado\" srcset=\"https:\/\/www.yottadesarrollos.com\/wp-content\/uploads\/2022\/11\/muniArbol.jpg 1000w, https:\/\/www.yottadesarrollos.com\/wp-content\/uploads\/2022\/11\/muniArbol-300x141.jpg 300w, https:\/\/www.yottadesarrollos.com\/wp-content\/uploads\/2022\/11\/muniArbol-768x362.jpg 768w, https:\/\/www.yottadesarrollos.com\/wp-content\/uploads\/2022\/11\/muniArbol-18x8.jpg 18w\" sizes=\"auto, (max-width: 1000px) 100vw, 1000px\"  data-dt-location=\"https:\/\/www.yottadesarrollos.com\/en\/munigestion-es\/muniarbol\/\" \/><\/div>\n\t\t<\/figure>\n\t<\/div>\n<\/div><\/div><\/div><div class=\"wpb_column vc_column_container vc_col-sm-6\"><div class=\"vc_column-inner\"><div class=\"wpb_wrapper\">\n\t<div class=\"wpb_text_column wpb_content_element  vc_custom_1669713044399\" >\n\t\t<div class=\"wpb_wrapper\">\n\t\t\t<p>We make intuitive, versatile, and adapted technological tools available to managers of municipal areas; developed thinking about the features of the sector.<\/p>\n<p>Likewise, these tools are designed so, both citizens and companies, can participate in the management and improvement of these areas.<\/p>\n\n\t\t<\/div>\n\t<\/div>\n<\/div><\/div><\/div><\/div><div class=\"vc_row wpb_row vc_row-fluid dt-default\" style=\"margin-top: 30px;margin-bottom: 0px\"><div class=\"wpb_column vc_column_container vc_col-sm-12\"><div class=\"vc_column-inner\"><div class=\"wpb_wrapper\">\n\t<div class=\"wpb_text_column wpb_content_element\" >\n\t\t<div class=\"wpb_wrapper\">\n\t\t\t<p>This tools are:<\/p>\n\n\t\t<\/div>\n\t<\/div>\n<div class=\"vc_row wpb_row vc_inner vc_row-fluid\"><div class=\"wpb_column vc_column_container vc_col-sm-6\"><div class=\"vc_column-inner\"><div class=\"wpb_wrapper\"><div class=\"smile_icon_list_wrap ult_info_list_container ult-adjust-bottom-margin   vc_custom_1669713596150\"><ul class=\"smile_icon_list left square with_bg\"><li class=\"icon_list_item\" style=\" font-size:72px;\"><div class=\"icon_list_icon\" data-animation=\"\" data-animation-delay=\"03\" style=\"font-size:24px;border-width:1px;border-style:none;background:#ffffff;color:#333333;border-color:#333333;\"><img decoding=\"async\" class=\"list-img-icon\" alt=\"null\" src=\"https:\/\/www.yottadesarrollos.com\/wp-content\/uploads\/2022\/11\/app_icon_incidencias.png\"\/><\/div><div class=\"icon_description\" id=\"Info-list-wrap-4804\" style=\"font-size:24px;\"><h4 class=\"ult-responsive info-list-heading\"  data-ultimate-target='#Info-list-wrap-4804 h4'  data-responsive-json-new='{\"font-size\":\"desktop:16px;\",\"line-height\":\"desktop:24px;\"}'  style=\"\">Issue Tracker<\/h4><div class=\"icon_description_text ult-responsive\"  data-ultimate-target='#Info-list-wrap-4804 .icon_description_text'  data-responsive-json-new='{\"font-size\":\"desktop:13px;\",\"line-height\":\"desktop:18px;\"}'  style=\"\"><p>Anyone can report a problem or incident to those responsible and the City Council can manage it individually.<\/p>\n<\/div><\/div><div class=\"icon_list_connector\"  style=\"border: none !important;\"><\/div><\/li><li class=\"icon_list_item\" style=\" font-size:72px;\"><div class=\"icon_list_icon\" data-animation=\"\" data-animation-delay=\"03\" style=\"font-size:24px;border-width:1px;border-style:none;background:#ffffff;color:#333333;border-color:#333333;\"><img decoding=\"async\" class=\"list-img-icon\" alt=\"null\" src=\"https:\/\/www.yottadesarrollos.com\/wp-content\/uploads\/2022\/11\/app_inventario.png\"\/><\/div><div class=\"icon_description\" id=\"Info-list-wrap-5607\" style=\"font-size:24px;\"><h4 class=\"ult-responsive info-list-heading\"  data-ultimate-target='#Info-list-wrap-5607 h4'  data-responsive-json-new='{\"font-size\":\"desktop:16px;\",\"line-height\":\"desktop:24px;\"}'  style=\"\">Stock Management<\/h4><div class=\"icon_description_text ult-responsive\"  data-ultimate-target='#Info-list-wrap-5607 .icon_description_text'  data-responsive-json-new='{\"font-size\":\"desktop:13px;\",\"line-height\":\"desktop:18px;\"}'  style=\"\"><p>Munigesti\u00f3n allows you to manage all the stock that is acquired, as well as to be able to carry out a follow-up, since all the information is centralized in a web platform accessible from any device.<\/p>\n<\/div><\/div><div class=\"icon_list_connector\"  style=\"border: none !important;\"><\/div><\/li><li class=\"icon_list_item\" style=\" font-size:72px;\"><div class=\"icon_list_icon\" data-animation=\"\" data-animation-delay=\"03\" style=\"font-size:24px;border-width:1px;border-style:none;background:#ffffff;color:#333333;border-color:#333333;\"><img decoding=\"async\" class=\"list-img-icon\" alt=\"null\" src=\"https:\/\/www.yottadesarrollos.com\/wp-content\/uploads\/2022\/11\/mobiliario_urbano.png\"\/><\/div><div class=\"icon_description\" id=\"Info-list-wrap-7630\" style=\"font-size:24px;\"><h4 class=\"ult-responsive info-list-heading\"  data-ultimate-target='#Info-list-wrap-7630 h4'  data-responsive-json-new='{\"font-size\":\"desktop:16px;\",\"line-height\":\"desktop:24px;\"}'  style=\"\">Street Furniture Manager<\/h4><div class=\"icon_description_text ult-responsive\"  data-ultimate-target='#Info-list-wrap-7630 .icon_description_text'  data-responsive-json-new='{\"font-size\":\"desktop:13px;\",\"line-height\":\"desktop:18px;\"}'  style=\"\"><p>It allows any existing public element on the street (benches, litter bins, lampposts,...) to be identified on a single Geographic Information System, which users can access to manage the information.<\/p>\n<\/div><\/div><div class=\"icon_list_connector\"  style=\"border: none !important;\"><\/div><\/li><\/ul><\/div><\/div><\/div><\/div><div class=\"wpb_column vc_column_container vc_col-sm-6\"><div class=\"vc_column-inner vc_custom_1669714225439\"><div class=\"wpb_wrapper\"><div class=\"smile_icon_list_wrap ult_info_list_container ult-adjust-bottom-margin\"><ul class=\"smile_icon_list left square with_bg\"><li class=\"icon_list_item\" style=\" font-size:72px;\"><div class=\"icon_list_icon\" data-animation=\"\" data-animation-delay=\"03\" style=\"font-size:24px;border-width:1px;border-style:none;background:#ffffff;color:#333333;border-color:#333333;\"><img decoding=\"async\" class=\"list-img-icon\" alt=\"null\" src=\"https:\/\/www.yottadesarrollos.com\/wp-content\/uploads\/2022\/11\/patrimonio.png\"\/><\/div><div class=\"icon_description\" id=\"Info-list-wrap-5624\" style=\"font-size:24px;\"><h3 class=\"ult-responsive info-list-heading\"  data-ultimate-target='#Info-list-wrap-5624 h3'  data-responsive-json-new='{\"font-size\":\"desktop:16px;\",\"line-height\":\"desktop:24px;\"}'  style=\"\">Patrimony Manager<\/h3><div class=\"icon_description_text ult-responsive\"  data-ultimate-target='#Info-list-wrap-5624 .icon_description_text'  data-responsive-json-new='{\"font-size\":\"desktop:13px;\",\"line-height\":\"desktop:18px;\"}'  style=\"\"><p>From this tool, public administrations will be able to manage all the elements of their patrimony in a centralized way (land, plots, buildings...).<\/p>\n<\/div><\/div><div class=\"icon_list_connector\"  style=\"border: none !important;\"><\/div><\/li><li class=\"icon_list_item\" style=\" font-size:72px;\"><div class=\"icon_list_icon\" data-animation=\"\" data-animation-delay=\"03\" style=\"font-size:24px;border-width:1px;border-style:none;background:#ffffff;color:#333333;border-color:#333333;\"><img decoding=\"async\" class=\"list-img-icon\" alt=\"null\" src=\"https:\/\/www.yottadesarrollos.com\/wp-content\/uploads\/2022\/11\/app_arbolado.png\"\/><\/div><div class=\"icon_description\" id=\"Info-list-wrap-2972\" style=\"font-size:24px;\"><h4 class=\"ult-responsive info-list-heading\"  data-ultimate-target='#Info-list-wrap-2972 h4'  data-responsive-json-new='{\"font-size\":\"desktop:16px;\",\"line-height\":\"desktop:24px;\"}'  style=\"\">Green Areas Manager<\/h4><div class=\"icon_description_text ult-responsive\"  data-ultimate-target='#Info-list-wrap-2972 .icon_description_text'  data-responsive-json-new='{\"font-size\":\"desktop:13px;\",\"line-height\":\"desktop:18px;\"}'  style=\"\"><p>This tool allows the public administration and the companies in charge of maintaining green areas to have a common work tool.<\/p>\n<\/div><\/div><div class=\"icon_list_connector\"  style=\"border: none !important;\"><\/div><\/li><li class=\"icon_list_item\" style=\" font-size:72px;\"><div class=\"icon_list_icon\" data-animation=\"\" data-animation-delay=\"03\" style=\"font-size:24px;border-width:1px;border-style:none;background:#ffffff;color:#333333;border-color:#333333;\"><img decoding=\"async\" class=\"list-img-icon\" alt=\"null\" src=\"https:\/\/www.yottadesarrollos.com\/wp-content\/uploads\/2022\/11\/app_cementerio.png\"\/><\/div><div class=\"icon_description\" id=\"Info-list-wrap-7817\" style=\"font-size:24px;\"><h4 class=\"ult-responsive info-list-heading\"  data-ultimate-target='#Info-list-wrap-7817 h4'  data-responsive-json-new='{\"font-size\":\"desktop:16px;\",\"line-height\":\"desktop:24px;\"}'  style=\"\">Graveyard Manager<\/h4><div class=\"icon_description_text ult-responsive\"  data-ultimate-target='#Info-list-wrap-7817 .icon_description_text'  data-responsive-json-new='{\"font-size\":\"desktop:13px;\",\"line-height\":\"desktop:18px;\"}'  style=\"\"><p>The objective is that the administration has digitized all the information related to the graveyards, relying on a Geographic Information System (GIS).<\/p>\n<\/div><\/div><div class=\"icon_list_connector\"  style=\"border: none !important;\"><\/div><\/li><\/ul><\/div><\/div><\/div><\/div><\/div><\/div><\/div><\/div><\/div><div class=\"vc_row wpb_row vc_row-fluid dt-default\" style=\"margin-top: 50px;margin-bottom: 0px\"><div class=\"wpb_column vc_column_container vc_col-sm-12\"><div class=\"vc_column-inner\"><div class=\"wpb_wrapper\">\n\t<div class=\"wpb_text_column wpb_content_element\" >\n\t\t<div class=\"wpb_wrapper\">\n\t\t\t<p style=\"text-align: center;\"><strong>For more information,\u00a0<a href=\"https:\/\/www.munigestion.es\/\" target=\"_blank\" rel=\"noopener\"><em>visit munigestion.es<\/em><\/a>.<\/strong><\/p>\n\n\t\t<\/div>\n\t<\/div>\n<\/div><\/div><\/div><\/div>\n<\/div>","protected":false},"excerpt":{"rendered":"<p>Munigestion.es ofrece a los usuarios herramientas para gestionar y mejorar su propia entidad y ofrecerles un espacio personal de trabajo. Ponemos a disposici\u00f3n de los gestores de las \u00e1reas municipales herramientas tecnol\u00f3gicas intuitivas, vers\u00e1tiles, y adaptadas; desarrolladas pensando en las caracter\u00edsticas del sector. As\u00ed mismo, estas herramientas est\u00e1n pensadas para que tanto ciudadanos como empresas&hellip;<\/p>","protected":false},"author":1,"featured_media":0,"parent":0,"menu_order":0,"comment_status":"closed","ping_status":"closed","template":"","meta":{"footnotes":""},"class_list":["post-18329","page","type-page","status-publish","hentry","description-off"],"_links":{"self":[{"href":"https:\/\/www.yottadesarrollos.com\/en\/wp-json\/wp\/v2\/pages\/18329","targetHints":{"allow":["GET"]}}],"collection":[{"href":"https:\/\/www.yottadesarrollos.com\/en\/wp-json\/wp\/v2\/pages"}],"about":[{"href":"https:\/\/www.yottadesarrollos.com\/en\/wp-json\/wp\/v2\/types\/page"}],"author":[{"embeddable":true,"href":"https:\/\/www.yottadesarrollos.com\/en\/wp-json\/wp\/v2\/users\/1"}],"replies":[{"embeddable":true,"href":"https:\/\/www.yottadesarrollos.com\/en\/wp-json\/wp\/v2\/comments?post=18329"}],"version-history":[{"count":41,"href":"https:\/\/www.yottadesarrollos.com\/en\/wp-json\/wp\/v2\/pages\/18329\/revisions"}],"predecessor-version":[{"id":18386,"href":"https:\/\/www.yottadesarrollos.com\/en\/wp-json\/wp\/v2\/pages\/18329\/revisions\/18386"}],"wp:attachment":[{"href":"https:\/\/www.yottadesarrollos.com\/en\/wp-json\/wp\/v2\/media?parent=18329"}],"curies":[{"name":"wp","href":"https:\/\/api.w.org\/{rel}","templated":true}]}}