{"id":18675,"date":"2025-06-18T11:21:15","date_gmt":"2025-06-18T11:21:15","guid":{"rendered":"https:\/\/www.yottadesarrollos.com\/?page_id=18675"},"modified":"2025-06-18T11:32:58","modified_gmt":"2025-06-18T11:32:58","slug":"consultoria-tecnologica-en-albacete","status":"publish","type":"page","link":"https:\/\/www.yottadesarrollos.com\/en\/consultoria-tecnologica-en-albacete\/","title":{"rendered":"Consultor\u00eda tecnol\u00f3gica en Albacete"},"content":{"rendered":"<article class=\"text-token-text-primary w-full\" dir=\"auto\" data-testid=\"conversation-turn-6\" data-scroll-anchor=\"true\">\n<div class=\"text-base my-auto mx-auto py-5 [--thread-content-margin:--spacing(4)] @[37rem]:[--thread-content-margin:--spacing(6)] @[72rem]:[--thread-content-margin:--spacing(16)] px-(--thread-content-margin)\">\n<div class=\"[--thread-content-max-width:32rem] @[34rem]:[--thread-content-max-width:40rem] @[64rem]:[--thread-content-max-width:48rem] mx-auto flex max-w-(--thread-content-max-width) flex-1 text-base gap-4 md:gap-5 lg:gap-6 group\/turn-messages focus-visible:outline-hidden\" tabindex=\"-1\">\n<div class=\"group\/conversation-turn relative flex w-full min-w-0 flex-col agent-turn\">\n<div class=\"relative flex-col gap-1 md:gap-3\">\n<div class=\"flex max-w-full flex-col grow\">\n<div class=\"min-h-8 text-message relative flex w-full flex-col items-end gap-2 text-start break-words whitespace-normal [.text-message+&amp;]:mt-5\" dir=\"auto\" data-message-author-role=\"assistant\" data-message-id=\"5748d1f1-4cf4-494c-81dc-3216b7cc4858\" data-message-model-slug=\"gpt-4-5\">\n<div class=\"flex w-full flex-col gap-1 empty:hidden first:pt-[3px]\">\n<div class=\"markdown prose dark:prose-invert w-full break-words light\">\n<p data-start=\"0\" data-end=\"401\" data-is-last-node=\"\" data-is-only-node=\"\">En <strong data-start=\"3\" data-end=\"24\">Yotta Desarrollos<\/strong>, impulsamos la transformaci\u00f3n digital desde Albacete con soluciones tecnol\u00f3gicas a medida. Especializados en desarrollo de software, aplicaciones web y sistemas GIS, acompa\u00f1amos a empresas y entidades p\u00fablicas en su camino hacia la innovaci\u00f3n. Descubre c\u00f3mo nuestras herramientas pueden optimizar procesos, aumentar tu eficiencia y potenciar el crecimiento de tu organizaci\u00f3n. A continuaci\u00f3n te dejamos una serie de razones por las que elegirnos para <strong>Consultor\u00eda tecnol\u00f3gica en Albacete<\/strong>:<\/p>\n<ul>\n<li aria-level=\"1\"><a href=\"https:\/\/www.yottadesarrollos.com\/herramienta-de-control-horario-para-empleados\/\"><b>Herramienta de control horario para empleados<\/b><\/a><\/li>\n<\/ul>\n<ul>\n<li aria-level=\"1\"><a href=\"https:\/\/www.yottadesarrollos.com\/empresa-de-digitalizacion-en-albacete\/\"><b>Empresa de digitalizaci\u00f3n en Albacete<\/b><\/a><\/li>\n<\/ul>\n<ul>\n<li aria-level=\"1\"><a href=\"https:\/\/www.yottadesarrollos.com\/consultoria-tecnologica-para-pymes\/\"><b>Consultor\u00eda tecnol\u00f3gica para pymes<\/b><\/a><\/li>\n<\/ul>\n<\/div>\n<p data-start=\"0\" data-end=\"401\" data-is-last-node=\"\" data-is-only-node=\"\">Si est\u00e1s interesado en una <strong>Consultor\u00eda tecnol\u00f3gica en Albacete <\/strong>o en cualquiera de los servicios que ofrecemos,\u00a0no dudes en escribirnos a trav\u00e9s del correo <strong>info@yottadesarrollos.com\u00a0<\/strong>o llamando directamente al n\u00famero de tel\u00e9fono\u00a0<strong>+34 967 257 053<\/strong>.<\/p>\n<\/div>\n<\/div>\n<\/div>\n<\/div>\n<div class=\"absolute\">\n<div class=\"flex items-center justify-center\"><\/div>\n<\/div>\n<\/div>\n<\/div>\n<\/div>\n<\/article>\n<div class=\"pointer-events-none h-px w-px\" aria-hidden=\"true\" data-edge=\"true\"><\/div>\n","protected":false},"excerpt":{"rendered":"<p>En Yotta Desarrollos, impulsamos la transformaci\u00f3n digital desde Albacete con soluciones tecnol\u00f3gicas a medida. Especializados en desarrollo de software, aplicaciones web y sistemas GIS, acompa\u00f1amos a empresas y entidades p\u00fablicas en su camino hacia la innovaci\u00f3n. Descubre c\u00f3mo nuestras herramientas pueden optimizar procesos, aumentar tu eficiencia y potenciar el crecimiento de tu organizaci\u00f3n. A continuaci\u00f3n&hellip;<\/p>","protected":false},"author":2,"featured_media":0,"parent":0,"menu_order":0,"comment_status":"closed","ping_status":"closed","template":"","meta":{"footnotes":""},"class_list":["post-18675","page","type-page","status-publish","hentry","description-off"],"_links":{"self":[{"href":"https:\/\/www.yottadesarrollos.com\/en\/wp-json\/wp\/v2\/pages\/18675","targetHints":{"allow":["GET"]}}],"collection":[{"href":"https:\/\/www.yottadesarrollos.com\/en\/wp-json\/wp\/v2\/pages"}],"about":[{"href":"https:\/\/www.yottadesarrollos.com\/en\/wp-json\/wp\/v2\/types\/page"}],"author":[{"embeddable":true,"href":"https:\/\/www.yottadesarrollos.com\/en\/wp-json\/wp\/v2\/users\/2"}],"replies":[{"embeddable":true,"href":"https:\/\/www.yottadesarrollos.com\/en\/wp-json\/wp\/v2\/comments?post=18675"}],"version-history":[{"count":4,"href":"https:\/\/www.yottadesarrollos.com\/en\/wp-json\/wp\/v2\/pages\/18675\/revisions"}],"predecessor-version":[{"id":18685,"href":"https:\/\/www.yottadesarrollos.com\/en\/wp-json\/wp\/v2\/pages\/18675\/revisions\/18685"}],"wp:attachment":[{"href":"https:\/\/www.yottadesarrollos.com\/en\/wp-json\/wp\/v2\/media?parent=18675"}],"curies":[{"name":"wp","href":"https:\/\/api.w.org\/{rel}","templated":true}]}}