{"id":18676,"date":"2025-06-18T11:23:27","date_gmt":"2025-06-18T11:23:27","guid":{"rendered":"https:\/\/www.yottadesarrollos.com\/?page_id=18676"},"modified":"2025-06-18T11:23:27","modified_gmt":"2025-06-18T11:23:27","slug":"herramienta-de-control-horario-para-empleados","status":"publish","type":"page","link":"https:\/\/www.yottadesarrollos.com\/en\/herramienta-de-control-horario-para-empleados\/","title":{"rendered":"Herramienta de control horario para empleados"},"content":{"rendered":"<article class=\"text-token-text-primary w-full\" dir=\"auto\" data-testid=\"conversation-turn-6\" data-scroll-anchor=\"true\">\n<div class=\"text-base my-auto mx-auto py-5 [--thread-content-margin:--spacing(4)] @[37rem]:[--thread-content-margin:--spacing(6)] @[72rem]:[--thread-content-margin:--spacing(16)] px-(--thread-content-margin)\">\n<div class=\"[--thread-content-max-width:32rem] @[34rem]:[--thread-content-max-width:40rem] @[64rem]:[--thread-content-max-width:48rem] mx-auto flex max-w-(--thread-content-max-width) flex-1 text-base gap-4 md:gap-5 lg:gap-6 group\/turn-messages focus-visible:outline-hidden\" tabindex=\"-1\">\n<div class=\"group\/conversation-turn relative flex w-full min-w-0 flex-col agent-turn\">\n<div class=\"relative flex-col gap-1 md:gap-3\">\n<div class=\"flex max-w-full flex-col grow\">\n<div class=\"min-h-8 text-message relative flex w-full flex-col items-end gap-2 text-start break-words whitespace-normal [.text-message+&amp;]:mt-5\" dir=\"auto\" data-message-author-role=\"assistant\" data-message-id=\"5748d1f1-4cf4-494c-81dc-3216b7cc4858\" data-message-model-slug=\"gpt-4-5\">\n<div class=\"flex w-full flex-col gap-1 empty:hidden first:pt-[3px]\">\n<div class=\"markdown prose dark:prose-invert w-full break-words light\">\n<h2 data-start=\"0\" data-end=\"72\">Soluciones efectivas para gestionar el tiempo de trabajo del personal<\/h2>\n<h3 data-start=\"74\" data-end=\"126\"><\/h3>\n<p data-start=\"0\" data-end=\"401\" data-is-last-node=\"\" data-is-only-node=\"\">En <strong data-start=\"3\" data-end=\"24\">Yotta Desarrollos<\/strong>, impulsamos la transformaci\u00f3n digital desde Albacete con soluciones tecnol\u00f3gicas a medida. Especializados en desarrollo de software, aplicaciones web y sistemas GIS, acompa\u00f1amos a empresas y entidades p\u00fablicas en su camino hacia la innovaci\u00f3n. Descubre c\u00f3mo nuestras herramientas pueden optimizar procesos, aumentar tu eficiencia y potenciar el crecimiento de tu organizaci\u00f3n. A continuaci\u00f3n te dejamos una serie de razones por las que elegirnos si buscas una <strong>Herramienta de control horario para empleados<\/strong>:<\/p>\n<h3 data-start=\"74\" data-end=\"126\">Cumplimiento garantizado de normativas laborales<\/h3>\n<p data-start=\"127\" data-end=\"361\">Nuestra herramienta de control horario est\u00e1 dise\u00f1ada para garantizar que tu empresa cumpla con las normativas laborales vigentes sobre el registro de jornada, evitando posibles sanciones y facilitando auditor\u00edas en caso de inspecci\u00f3n.<\/p>\n<h3 data-start=\"363\" data-end=\"408\">Optimizaci\u00f3n y mejora de la productividad<\/h3>\n<p data-start=\"409\" data-end=\"649\">Con el seguimiento preciso del tiempo trabajado, podr\u00e1s identificar oportunidades para optimizar las jornadas laborales, descubrir patrones de productividad y tomar decisiones estrat\u00e9gicas que incrementen el rendimiento global de tu equipo.<\/p>\n<h3 data-start=\"651\" data-end=\"711\">Gesti\u00f3n sencilla e intuitiva desde cualquier dispositivo<\/h3>\n<p data-start=\"712\" data-end=\"945\">Facilitamos el registro horario con una plataforma amigable, accesible tanto desde ordenadores como desde dispositivos m\u00f3viles, lo que permite a tus empleados fichar f\u00e1cilmente, est\u00e9n donde est\u00e9n, mejorando la precisi\u00f3n del registro.<\/p>\n<h3 data-start=\"947\" data-end=\"995\">Informes autom\u00e1ticos para decisiones r\u00e1pidas<\/h3>\n<p data-start=\"996\" data-end=\"1224\">Nuestra herramienta genera autom\u00e1ticamente informes detallados de horas trabajadas, incidencias y ausencias, permiti\u00e9ndote acceder de forma inmediata a informaci\u00f3n clave para una gesti\u00f3n eficaz y transparente del tiempo laboral.<\/p>\n<h3 data-start=\"1226\" data-end=\"1274\">Reducci\u00f3n de errores y ahorro administrativo<\/h3>\n<p data-start=\"1275\" data-end=\"1506\" data-is-last-node=\"\" data-is-only-node=\"\">Automatizando el proceso de registro horario evitas errores humanos, reduces significativamente la carga administrativa y permites que tu equipo de recursos humanos enfoque sus esfuerzos en actividades m\u00e1s valiosas para tu negocio.<\/p>\n<\/div>\n<p data-start=\"0\" data-end=\"401\" data-is-last-node=\"\" data-is-only-node=\"\">Si est\u00e1s interesado en una <strong>Herramienta de control horario para empleados<\/strong>, no dudes en escribirnos a trav\u00e9s del correo <strong>info@yottadesarrollos.com\u00a0<\/strong>o llamando directamente al n\u00famero de tel\u00e9fono\u00a0<strong>+34 967 257 053<\/strong>.<\/p>\n<\/div>\n<\/div>\n<\/div>\n<\/div>\n<div class=\"absolute\">\n<div class=\"flex items-center justify-center\"><\/div>\n<\/div>\n<\/div>\n<\/div>\n<\/div>\n<\/article>\n<div class=\"pointer-events-none h-px w-px\" aria-hidden=\"true\" data-edge=\"true\"><\/div>\n","protected":false},"excerpt":{"rendered":"<p>Soluciones efectivas para gestionar el tiempo de trabajo del personal En Yotta Desarrollos, impulsamos la transformaci\u00f3n digital desde Albacete con soluciones tecnol\u00f3gicas a medida. Especializados en desarrollo de software, aplicaciones web y sistemas GIS, acompa\u00f1amos a empresas y entidades p\u00fablicas en su camino hacia la innovaci\u00f3n. Descubre c\u00f3mo nuestras herramientas pueden optimizar procesos, aumentar tu&hellip;<\/p>","protected":false},"author":2,"featured_media":0,"parent":0,"menu_order":0,"comment_status":"closed","ping_status":"closed","template":"","meta":{"footnotes":""},"class_list":["post-18676","page","type-page","status-publish","hentry","description-off"],"_links":{"self":[{"href":"https:\/\/www.yottadesarrollos.com\/en\/wp-json\/wp\/v2\/pages\/18676","targetHints":{"allow":["GET"]}}],"collection":[{"href":"https:\/\/www.yottadesarrollos.com\/en\/wp-json\/wp\/v2\/pages"}],"about":[{"href":"https:\/\/www.yottadesarrollos.com\/en\/wp-json\/wp\/v2\/types\/page"}],"author":[{"embeddable":true,"href":"https:\/\/www.yottadesarrollos.com\/en\/wp-json\/wp\/v2\/users\/2"}],"replies":[{"embeddable":true,"href":"https:\/\/www.yottadesarrollos.com\/en\/wp-json\/wp\/v2\/comments?post=18676"}],"version-history":[{"count":1,"href":"https:\/\/www.yottadesarrollos.com\/en\/wp-json\/wp\/v2\/pages\/18676\/revisions"}],"predecessor-version":[{"id":18681,"href":"https:\/\/www.yottadesarrollos.com\/en\/wp-json\/wp\/v2\/pages\/18676\/revisions\/18681"}],"wp:attachment":[{"href":"https:\/\/www.yottadesarrollos.com\/en\/wp-json\/wp\/v2\/media?parent=18676"}],"curies":[{"name":"wp","href":"https:\/\/api.w.org\/{rel}","templated":true}]}}