{"id":18678,"date":"2025-06-18T11:32:22","date_gmt":"2025-06-18T11:32:22","guid":{"rendered":"https:\/\/www.yottadesarrollos.com\/?page_id=18678"},"modified":"2025-06-18T11:32:22","modified_gmt":"2025-06-18T11:32:22","slug":"consultoria-tecnologica-para-pymes","status":"publish","type":"page","link":"https:\/\/www.yottadesarrollos.com\/en\/consultoria-tecnologica-para-pymes\/","title":{"rendered":"Consultor\u00eda tecnol\u00f3gica para pymes"},"content":{"rendered":"<article class=\"text-token-text-primary w-full\" dir=\"auto\" data-testid=\"conversation-turn-6\" data-scroll-anchor=\"true\">\n<div class=\"text-base my-auto mx-auto py-5 [--thread-content-margin:--spacing(4)] @[37rem]:[--thread-content-margin:--spacing(6)] @[72rem]:[--thread-content-margin:--spacing(16)] px-(--thread-content-margin)\">\n<div class=\"[--thread-content-max-width:32rem] @[34rem]:[--thread-content-max-width:40rem] @[64rem]:[--thread-content-max-width:48rem] mx-auto flex max-w-(--thread-content-max-width) flex-1 text-base gap-4 md:gap-5 lg:gap-6 group\/turn-messages focus-visible:outline-hidden\" tabindex=\"-1\">\n<div class=\"group\/conversation-turn relative flex w-full min-w-0 flex-col agent-turn\">\n<div class=\"relative flex-col gap-1 md:gap-3\">\n<div class=\"flex max-w-full flex-col grow\">\n<div class=\"min-h-8 text-message relative flex w-full flex-col items-end gap-2 text-start break-words whitespace-normal [.text-message+&amp;]:mt-5\" dir=\"auto\" data-message-author-role=\"assistant\" data-message-id=\"5748d1f1-4cf4-494c-81dc-3216b7cc4858\" data-message-model-slug=\"gpt-4-5\">\n<div class=\"flex w-full flex-col gap-1 empty:hidden first:pt-[3px]\">\n<div class=\"markdown prose dark:prose-invert w-full break-words light\">\n<h2 data-start=\"0\" data-end=\"84\">Servicios de asesor\u00eda tecnol\u00f3gica especializada para peque\u00f1as y medianas empresas<\/h2>\n<h3 data-start=\"86\" data-end=\"134\"><\/h3>\n<p data-start=\"0\" data-end=\"401\" data-is-last-node=\"\" data-is-only-node=\"\">En <strong data-start=\"3\" data-end=\"24\">Yotta Desarrollos<\/strong>, impulsamos la transformaci\u00f3n digital desde Albacete con soluciones tecnol\u00f3gicas a medida. Especializados en desarrollo de software, aplicaciones web y sistemas GIS, acompa\u00f1amos a empresas y entidades p\u00fablicas en su camino hacia la innovaci\u00f3n. Descubre c\u00f3mo nuestras herramientas pueden optimizar procesos, aumentar tu eficiencia y potenciar el crecimiento de tu organizaci\u00f3n. A continuaci\u00f3n te dejamos una serie de razones por las que elegirnos como tu <strong>Consultor\u00eda tecnol\u00f3gica para pymes<\/strong>:<\/p>\n<h3 data-start=\"86\" data-end=\"134\">Estrategias tecnol\u00f3gicas adaptadas a tu pyme<\/h3>\n<p data-start=\"135\" data-end=\"446\">Analizamos cuidadosamente la realidad espec\u00edfica de tu empresa para dise\u00f1ar estrategias tecnol\u00f3gicas a medida que optimizan procesos, reducen costes y aumentan tu productividad. No ofrecemos soluciones gen\u00e9ricas; adaptamos cada propuesta para que se ajuste plenamente a las caracter\u00edsticas \u00fanicas de tu negocio.<\/p>\n<h3 data-start=\"448\" data-end=\"493\">Ahorro significativo en costes operativos<\/h3>\n<p data-start=\"494\" data-end=\"822\">Implementando tecnolog\u00edas avanzadas pero accesibles, contribuimos a la reducci\u00f3n efectiva de los costes operativos de tu pyme. Desde automatizaci\u00f3n de tareas hasta gesti\u00f3n digital integral, nuestras soluciones se traducen directamente en ahorro de tiempo y recursos que podr\u00e1s destinar al crecimiento y desarrollo de tu empresa.<\/p>\n<h3 data-start=\"824\" data-end=\"869\">Soporte y formaci\u00f3n constante a tu equipo<\/h3>\n<p data-start=\"870\" data-end=\"1154\">No nos limitamos a recomendar tecnolog\u00edas, sino que acompa\u00f1amos a tu equipo durante todo el proceso de implementaci\u00f3n. Proporcionamos formaci\u00f3n continua y soporte t\u00e9cnico para asegurar que todos los empleados dominen las herramientas implementadas y aprovechen al m\u00e1ximo su potencial.<\/p>\n<h3 data-start=\"1156\" data-end=\"1192\">Innovaci\u00f3n accesible y escalable<\/h3>\n<p data-start=\"1193\" data-end=\"1530\">Ofrecemos a las pymes soluciones innovadoras que tradicionalmente se reservaban a grandes empresas. Nuestra consultor\u00eda tecnol\u00f3gica est\u00e1 orientada a democratizar la innovaci\u00f3n digital, facilitando que cualquier pyme pueda escalar su negocio de forma sencilla, flexible y econ\u00f3mica, adapt\u00e1ndose en cada momento a la evoluci\u00f3n del mercado.<\/p>\n<h3 data-start=\"1532\" data-end=\"1575\">Incremento notable de la competitividad<\/h3>\n<p data-start=\"1576\" data-end=\"1899\" data-is-last-node=\"\" data-is-only-node=\"\">Al asesorarte en la selecci\u00f3n e implementaci\u00f3n de tecnolog\u00edas efectivas, impulsamos directamente la competitividad de tu negocio. Podr\u00e1s mejorar tu posicionamiento en el mercado, ofrecer mejores servicios a tus clientes, aumentar tu capacidad operativa y reaccionar \u00e1gilmente frente a cualquier cambio o desaf\u00edo del sector.<\/p>\n<\/div>\n<p data-start=\"0\" data-end=\"401\" data-is-last-node=\"\" data-is-only-node=\"\">Si est\u00e1s interesado en una <strong>Consultor\u00eda tecnol\u00f3gica para pymes<\/strong>, no dudes en escribirnos a trav\u00e9s del correo <strong>info@yottadesarrollos.com\u00a0<\/strong>o llamando directamente al n\u00famero de tel\u00e9fono\u00a0<strong>+34 967 257 053<\/strong>.<\/p>\n<\/div>\n<\/div>\n<\/div>\n<\/div>\n<div class=\"absolute\">\n<div class=\"flex items-center justify-center\"><\/div>\n<\/div>\n<\/div>\n<\/div>\n<\/div>\n<\/article>\n<div class=\"pointer-events-none h-px w-px\" aria-hidden=\"true\" data-edge=\"true\"><\/div>\n","protected":false},"excerpt":{"rendered":"<p>Servicios de asesor\u00eda tecnol\u00f3gica especializada para peque\u00f1as y medianas empresas En Yotta Desarrollos, impulsamos la transformaci\u00f3n digital desde Albacete con soluciones tecnol\u00f3gicas a medida. Especializados en desarrollo de software, aplicaciones web y sistemas GIS, acompa\u00f1amos a empresas y entidades p\u00fablicas en su camino hacia la innovaci\u00f3n. Descubre c\u00f3mo nuestras herramientas pueden optimizar procesos, aumentar tu&hellip;<\/p>","protected":false},"author":2,"featured_media":0,"parent":0,"menu_order":0,"comment_status":"closed","ping_status":"closed","template":"","meta":{"footnotes":""},"class_list":["post-18678","page","type-page","status-publish","hentry","description-off"],"_links":{"self":[{"href":"https:\/\/www.yottadesarrollos.com\/en\/wp-json\/wp\/v2\/pages\/18678","targetHints":{"allow":["GET"]}}],"collection":[{"href":"https:\/\/www.yottadesarrollos.com\/en\/wp-json\/wp\/v2\/pages"}],"about":[{"href":"https:\/\/www.yottadesarrollos.com\/en\/wp-json\/wp\/v2\/types\/page"}],"author":[{"embeddable":true,"href":"https:\/\/www.yottadesarrollos.com\/en\/wp-json\/wp\/v2\/users\/2"}],"replies":[{"embeddable":true,"href":"https:\/\/www.yottadesarrollos.com\/en\/wp-json\/wp\/v2\/comments?post=18678"}],"version-history":[{"count":1,"href":"https:\/\/www.yottadesarrollos.com\/en\/wp-json\/wp\/v2\/pages\/18678\/revisions"}],"predecessor-version":[{"id":18684,"href":"https:\/\/www.yottadesarrollos.com\/en\/wp-json\/wp\/v2\/pages\/18678\/revisions\/18684"}],"wp:attachment":[{"href":"https:\/\/www.yottadesarrollos.com\/en\/wp-json\/wp\/v2\/media?parent=18678"}],"curies":[{"name":"wp","href":"https:\/\/api.w.org\/{rel}","templated":true}]}}